{"id":1001,"date":"2020-02-13T13:12:01","date_gmt":"2020-02-13T13:12:01","guid":{"rendered":"https:\/\/the7.io\/elementor-business-one-page\/?page_id=1001"},"modified":"2022-12-19T12:02:00","modified_gmt":"2022-12-19T11:02:00","slug":"tekstile-per-restorante","status":"publish","type":"page","link":"https:\/\/gjergjihtextil.com\/en\/sherbimet-tona\/tekstile-per-restorante\/","title":{"rendered":"Restorant"},"content":{"rendered":"\t\t<div data-elementor-type=\"wp-page\" data-elementor-id=\"1001\" class=\"elementor elementor-1001\">\n\t\t\t\t\t\t<section class=\"elementor-section elementor-top-section elementor-element elementor-element-d20a82d elementor-reverse-tablet elementor-reverse-mobile elementor-section-boxed elementor-section-height-default elementor-section-height-default\" data-id=\"d20a82d\" data-element_type=\"section\" data-e-type=\"section\">\n\t\t\t\t\t\t<div class=\"elementor-container elementor-column-gap-no\">\n\t\t\t\t\t<div class=\"elementor-column elementor-col-50 elementor-top-column elementor-element elementor-element-39797c65\" data-id=\"39797c65\" data-element_type=\"column\" data-e-type=\"column\">\n\t\t\t<div class=\"elementor-widget-wrap elementor-element-populated\">\n\t\t\t\t\t\t<div class=\"elementor-element elementor-element-2467e6f5 at-heading-animation at-animation-heading-none elementor-widget elementor-widget-heading\" data-id=\"2467e6f5\" data-element_type=\"widget\" data-e-type=\"widget\" data-settings=\"{&quot;ekit_we_effect_on&quot;:&quot;none&quot;}\" data-widget_type=\"heading.default\">\n\t\t\t\t\t<h2 class=\"elementor-heading-title elementor-size-default\">Tekstile p\u00ebr Restorante me Shumic\u00eb <\/h2>\t\t\t\t<\/div>\n\t\t\t\t<div class=\"elementor-element elementor-element-69262a47 elementor-widget-divider--view-line elementor-widget elementor-widget-divider\" data-id=\"69262a47\" data-element_type=\"widget\" data-e-type=\"widget\" data-settings=\"{&quot;ekit_we_effect_on&quot;:&quot;none&quot;}\" data-widget_type=\"divider.default\">\n\t\t\t\t\t\t\t<div class=\"elementor-divider\">\n\t\t\t<span class=\"elementor-divider-separator\">\n\t\t\t\t\t\t<\/span>\n\t\t<\/div>\n\t\t\t\t\t\t<\/div>\n\t\t\t\t<div class=\"elementor-element elementor-element-1cec7c7a elementor-widget elementor-widget-text-editor\" data-id=\"1cec7c7a\" data-element_type=\"widget\" data-e-type=\"widget\" data-settings=\"{&quot;ekit_we_effect_on&quot;:&quot;none&quot;}\" data-widget_type=\"text-editor.default\">\n\t\t\t\t\t\t\t\t\t<h4>Eksprerienca e konsumatorit \u00ebsht\u00eb nj\u00eb fush\u00eb betej\u00eb shum\u00eb konkuruese.<\/h4><p>N\u00eb Shqip\u00ebri ushqimi dhe cil\u00ebsia e arredimit t\u00eb shumic\u00ebs s\u00eb restoranteve \u00ebsht\u00eb mjaft e lart\u00eb. Restorantet e mira e ruajn\u00eb me fanatiz\u00ebm standartin e lart\u00eb q\u00eb \u00ebsht\u00eb krijuar.<\/p><p>Mbulesa tavoline shum\u00eb cil\u00ebsore, peceta shum\u00eb t\u00eb bukura dhe komode n\u00eb p\u00ebrdorim. Karriget, perdet, pjatat, pirunjt\u00eb dhe gjith\u00e7ka tjeter \u00ebsht\u00eb e menduar me detaje.<\/p><p>Gjergji H Tekstil ka q\u00ebn\u00eb gjithmon nj\u00eb partner i fort\u00eb p\u00ebr arredimin e restoranteve. I kemi leht\u00ebsuar pun\u00ebn duke i ofruar gjith\u00e7ka n\u00eb nj\u00eb vend, produkte shum\u00eb cil\u00ebsore dhe \u00e7mimin m\u00eb t\u00eb mir\u00eb!<\/p>\t\t\t\t\t\t\t\t<\/div>\n\t\t\t\t\t<\/div>\n\t\t<\/div>\n\t\t\t\t<div class=\"elementor-column elementor-col-50 elementor-top-column elementor-element elementor-element-5e05b095\" data-id=\"5e05b095\" data-element_type=\"column\" data-e-type=\"column\" data-settings=\"{&quot;background_background&quot;:&quot;slideshow&quot;,&quot;background_slideshow_gallery&quot;:[{&quot;id&quot;:1337,&quot;url&quot;:&quot;https:\\\/\\\/gjergjihtextil.com\\\/wp-content\\\/uploads\\\/2021\\\/05\\\/Restorant-Gjergji-H-2.jpg&quot;}],&quot;background_slideshow_loop&quot;:&quot;yes&quot;,&quot;background_slideshow_slide_duration&quot;:5000,&quot;background_slideshow_slide_transition&quot;:&quot;fade&quot;,&quot;background_slideshow_transition_duration&quot;:500}\">\n\t\t\t<div class=\"elementor-widget-wrap elementor-element-populated\">\n\t\t\t\t\t\t<div class=\"elementor-element elementor-element-3455a765 elementor-widget elementor-widget-spacer\" data-id=\"3455a765\" data-element_type=\"widget\" data-e-type=\"widget\" data-settings=\"{&quot;ekit_we_effect_on&quot;:&quot;none&quot;}\" data-widget_type=\"spacer.default\">\n\t\t\t\t\t\t\t<div class=\"elementor-spacer\">\n\t\t\t<div class=\"elementor-spacer-inner\"><\/div>\n\t\t<\/div>\n\t\t\t\t\t\t<\/div>\n\t\t\t\t\t<\/div>\n\t\t<\/div>\n\t\t\t\t\t<\/div>\n\t\t<\/section>\n\t\t\t\t<section class=\"elementor-section elementor-top-section elementor-element elementor-element-3cc69d48 elementor-section-boxed elementor-section-height-default elementor-section-height-default\" data-id=\"3cc69d48\" data-element_type=\"section\" data-e-type=\"section\">\n\t\t\t\t\t\t<div class=\"elementor-container elementor-column-gap-wide\">\n\t\t\t\t\t<div class=\"elementor-column elementor-col-100 elementor-top-column elementor-element elementor-element-3869e4d5\" data-id=\"3869e4d5\" data-element_type=\"column\" data-e-type=\"column\">\n\t\t\t<div class=\"elementor-widget-wrap elementor-element-populated\">\n\t\t\t\t\t\t<div class=\"elementor-element elementor-element-a6e0817 elementor-widget elementor-widget-text-editor\" data-id=\"a6e0817\" data-element_type=\"widget\" data-e-type=\"widget\" data-settings=\"{&quot;ekit_we_effect_on&quot;:&quot;none&quot;}\" data-widget_type=\"text-editor.default\">\n\t\t\t\t\t\t\t\t\t<p>Tekstile per restorante me shumice. Mbulesa tavoline me cmime dhe cilesi te ndryshme. Te gjitha llojet e tekstile per restorante qe ju duhen i gjeni te ne. peceta te ndryshme qe jane tekstile per restorante. Ranera tavoline qe zevendesojne mbulesat. Tapiceri, tekstile per restorante dhe gjithcka tjeter. Lider ne sektorin e tekstile per restorante eshte Gjergji H Tekstil. Me nje eksperience me shume se 25 vjet dhe me nje game prej me shume se 1000 dizajne dhe materiale. Nese doni tekstile per restorante me standart te larte, Gjergji H Tekstil eshte zgjedhja juaj. Te ne e mbyllni te gjithe procesin. Nga blerja e tekstile per restorante. Deri te qepja dhe dorezimi ne destinacion. Zgjidhni profesionistet e sektorit te tekstile per restorante, zgjidhni Gjergji H Tekstil.<\/p>\t\t\t\t\t\t\t\t<\/div>\n\t\t\t\t<div class=\"elementor-element elementor-element-d4be566 elementor-widget-divider--view-line_text elementor-widget-divider--element-align-center elementor-widget elementor-widget-divider\" data-id=\"d4be566\" data-element_type=\"widget\" data-e-type=\"widget\" data-settings=\"{&quot;ekit_we_effect_on&quot;:&quot;none&quot;}\" data-widget_type=\"divider.default\">\n\t\t\t\t\t\t\t<div class=\"elementor-divider\">\n\t\t\t<span class=\"elementor-divider-separator\">\n\t\t\t\t\t\t\t<span class=\"elementor-divider__text elementor-divider__element\">\n\t\t\t\t\u00c7FAR\u00cb OFROJM\u00cb\u200b\t\t\t\t<\/span>\n\t\t\t\t\t\t<\/span>\n\t\t<\/div>\n\t\t\t\t\t\t<\/div>\n\t\t\t\t\t<\/div>\n\t\t<\/div>\n\t\t\t\t\t<\/div>\n\t\t<\/section>\n\t\t\t\t<section class=\"elementor-section elementor-top-section elementor-element elementor-element-3c1536cb elementor-section-boxed elementor-section-height-default elementor-section-height-default\" data-id=\"3c1536cb\" data-element_type=\"section\" data-e-type=\"section\">\n\t\t\t\t\t\t<div class=\"elementor-container elementor-column-gap-wide\">\n\t\t\t\t\t<div class=\"elementor-column elementor-col-100 elementor-top-column elementor-element elementor-element-2cc9cb43\" data-id=\"2cc9cb43\" data-element_type=\"column\" data-e-type=\"column\">\n\t\t\t<div class=\"elementor-widget-wrap elementor-element-populated\">\n\t\t\t\t\t\t<div class=\"elementor-element elementor-element-10f27352 elementor-widget-divider--view-line_text elementor-widget-divider--element-align-center elementor-widget elementor-widget-divider\" data-id=\"10f27352\" data-element_type=\"widget\" data-e-type=\"widget\" data-settings=\"{&quot;ekit_we_effect_on&quot;:&quot;none&quot;}\" data-widget_type=\"divider.default\">\n\t\t\t\t\t\t\t<div class=\"elementor-divider\">\n\t\t\t<span class=\"elementor-divider-separator\">\n\t\t\t\t\t\t\t<span class=\"elementor-divider__text elementor-divider__element\">\n\t\t\t\tSH\u00cbRBIME T\u00cb TJERA\t\t\t\t<\/span>\n\t\t\t\t\t\t<\/span>\n\t\t<\/div>\n\t\t\t\t\t\t<\/div>\n\t\t\t\t\t<\/div>\n\t\t<\/div>\n\t\t\t\t\t<\/div>\n\t\t<\/section>\n\t\t\t\t<section class=\"elementor-section elementor-top-section elementor-element elementor-element-1b3360e2 elementor-section-boxed elementor-section-height-default elementor-section-height-default\" data-id=\"1b3360e2\" data-element_type=\"section\" data-e-type=\"section\">\n\t\t\t\t\t\t<div class=\"elementor-container elementor-column-gap-no\">\n\t\t\t\t\t<div class=\"elementor-column elementor-col-25 elementor-top-column elementor-element elementor-element-1564129e\" data-id=\"1564129e\" data-element_type=\"column\" data-e-type=\"column\">\n\t\t\t<div class=\"elementor-widget-wrap elementor-element-populated\">\n\t\t\t\t\t\t<div class=\"elementor-element elementor-element-70fc2ba9 at-image-animation at-animation-image-none at-none elementor-widget elementor-widget-image\" data-id=\"70fc2ba9\" data-element_type=\"widget\" data-e-type=\"widget\" data-settings=\"{&quot;ekit_we_effect_on&quot;:&quot;none&quot;}\" data-widget_type=\"image.default\">\n\t\t\t\t\t\t\t\t\t\t\t\t\t\t\t\t<a href=\"\/elementor-business-one-page\/service01\/%20\">\n\t\t\t\t\t\t\t<img decoding=\"async\" src=\"https:\/\/gjergjihtextil.com\/wp-content\/uploads\/elementor\/thumbs\/bedroom-test-1-rmrop91lwk3qyvbs0bfmjkunbs7zgzwnbl1hj4ix6w.jpg\" title=\"Hotel Gjergji H\" alt=\"Tekstile per Hotele\" loading=\"lazy\" \/>\t\t\t\t\t\t\t\t<\/a>\n\t\t\t\t\t\t\t\t\t\t\t\t\t\t\t<\/div>\n\t\t\t\t<div class=\"elementor-element elementor-element-2709afe2 at-heading-animation at-animation-heading-none elementor-widget elementor-widget-heading\" data-id=\"2709afe2\" data-element_type=\"widget\" data-e-type=\"widget\" data-settings=\"{&quot;ekit_we_effect_on&quot;:&quot;none&quot;}\" data-widget_type=\"heading.default\">\n\t\t\t\t\t<h4 class=\"elementor-heading-title elementor-size-default\">Hotele<\/h4>\t\t\t\t<\/div>\n\t\t\t\t<div class=\"elementor-element elementor-element-31818b3 elementor-align-center elementor-mobile-align-center elementor-widget elementor-widget-button\" data-id=\"31818b3\" data-element_type=\"widget\" data-e-type=\"widget\" data-settings=\"{&quot;ekit_we_effect_on&quot;:&quot;none&quot;}\" data-widget_type=\"button.default\">\n\t\t\t\t\t\t\t\t\t\t<a class=\"elementor-button elementor-button-link elementor-size-xs\" href=\"\/elementor-business-one-page\/service01\/%20\">\n\t\t\t\t\t\t<span class=\"elementor-button-content-wrapper\">\n\t\t\t\t\t\t<span class=\"elementor-button-icon\">\n\t\t\t\t<i aria-hidden=\"true\" class=\" icomoon-the7-font-the7-arrow-09\"><\/i>\t\t\t<\/span>\n\t\t\t\t\t\t\t\t\t<span class=\"elementor-button-text\">M\u00eb Shum\u00eb<\/span>\n\t\t\t\t\t<\/span>\n\t\t\t\t\t<\/a>\n\t\t\t\t\t\t\t\t<\/div>\n\t\t\t\t\t<\/div>\n\t\t<\/div>\n\t\t\t\t<div class=\"elementor-column elementor-col-25 elementor-top-column elementor-element elementor-element-1b526a3f\" data-id=\"1b526a3f\" data-element_type=\"column\" data-e-type=\"column\">\n\t\t\t<div class=\"elementor-widget-wrap elementor-element-populated\">\n\t\t\t\t\t\t<div class=\"elementor-element elementor-element-102fda29 at-image-animation at-animation-image-none at-none elementor-widget elementor-widget-image\" data-id=\"102fda29\" data-element_type=\"widget\" data-e-type=\"widget\" data-settings=\"{&quot;ekit_we_effect_on&quot;:&quot;none&quot;}\" data-widget_type=\"image.default\">\n\t\t\t\t\t\t\t\t\t\t\t\t\t\t\t\t<a href=\"\/elementor-business-one-page\/service02\/%20\">\n\t\t\t\t\t\t\t<img decoding=\"async\" src=\"https:\/\/gjergjihtextil.com\/wp-content\/uploads\/elementor\/thumbs\/4242676-restaurant-rmrop83rpq2gn9d55t0zz336qecm9aswzge01ukbd4.jpg\" title=\"Restorant Gjergji H\" alt=\"Tekstile per Restorante\" loading=\"lazy\" \/>\t\t\t\t\t\t\t\t<\/a>\n\t\t\t\t\t\t\t\t\t\t\t\t\t\t\t<\/div>\n\t\t\t\t<div class=\"elementor-element elementor-element-4c429ad4 at-heading-animation at-animation-heading-none elementor-widget elementor-widget-heading\" data-id=\"4c429ad4\" data-element_type=\"widget\" data-e-type=\"widget\" data-settings=\"{&quot;ekit_we_effect_on&quot;:&quot;none&quot;}\" data-widget_type=\"heading.default\">\n\t\t\t\t\t<h4 class=\"elementor-heading-title elementor-size-default\">\nRestorante<\/h4>\t\t\t\t<\/div>\n\t\t\t\t\t<\/div>\n\t\t<\/div>\n\t\t\t\t<div class=\"elementor-column elementor-col-25 elementor-top-column elementor-element elementor-element-3651a50\" data-id=\"3651a50\" data-element_type=\"column\" data-e-type=\"column\">\n\t\t\t<div class=\"elementor-widget-wrap elementor-element-populated\">\n\t\t\t\t\t\t<div class=\"elementor-element elementor-element-5dd52b9 at-image-animation at-animation-image-none at-none elementor-widget elementor-widget-image\" data-id=\"5dd52b9\" data-element_type=\"widget\" data-e-type=\"widget\" data-settings=\"{&quot;ekit_we_effect_on&quot;:&quot;none&quot;}\" data-widget_type=\"image.default\">\n\t\t\t\t\t\t\t\t\t\t\t\t\t\t\t\t<a href=\"\/elementor-business-one-page\/service03\/%20\">\n\t\t\t\t\t\t\t<img decoding=\"async\" src=\"https:\/\/gjergjihtextil.com\/wp-content\/uploads\/elementor\/thumbs\/Gjergji-H-Tekstil-Event-rmrop83rpq2gn9d55t0zz336qecm9aswzge01ukbd4.jpg\" title=\"Gjergji-H-Tekstil-Event\" alt=\"Gjergji H Tekstil Event\" loading=\"lazy\" \/>\t\t\t\t\t\t\t\t<\/a>\n\t\t\t\t\t\t\t\t\t\t\t\t\t\t\t<\/div>\n\t\t\t\t<div class=\"elementor-element elementor-element-7adbb5fb at-heading-animation at-animation-heading-none elementor-widget elementor-widget-heading\" data-id=\"7adbb5fb\" data-element_type=\"widget\" data-e-type=\"widget\" data-settings=\"{&quot;ekit_we_effect_on&quot;:&quot;none&quot;}\" data-widget_type=\"heading.default\">\n\t\t\t\t\t<h4 class=\"elementor-heading-title elementor-size-default\">Arredim Eventesh<\/h4>\t\t\t\t<\/div>\n\t\t\t\t<div class=\"elementor-element elementor-element-18dd46b elementor-align-center elementor-mobile-align-center elementor-widget elementor-widget-button\" data-id=\"18dd46b\" data-element_type=\"widget\" data-e-type=\"widget\" data-settings=\"{&quot;ekit_we_effect_on&quot;:&quot;none&quot;}\" data-widget_type=\"button.default\">\n\t\t\t\t\t\t\t\t\t\t<a class=\"elementor-button elementor-button-link elementor-size-xs\" href=\"\/elementor-business-one-page\/service03\/%20\">\n\t\t\t\t\t\t<span class=\"elementor-button-content-wrapper\">\n\t\t\t\t\t\t<span class=\"elementor-button-icon\">\n\t\t\t\t<i aria-hidden=\"true\" class=\" icomoon-the7-font-the7-arrow-09\"><\/i>\t\t\t<\/span>\n\t\t\t\t\t\t\t\t\t<span class=\"elementor-button-text\">M\u00eb Shum\u00eb<\/span>\n\t\t\t\t\t<\/span>\n\t\t\t\t\t<\/a>\n\t\t\t\t\t\t\t\t<\/div>\n\t\t\t\t\t<\/div>\n\t\t<\/div>\n\t\t\t\t<div class=\"elementor-column elementor-col-25 elementor-top-column elementor-element elementor-element-6b600058\" data-id=\"6b600058\" data-element_type=\"column\" data-e-type=\"column\">\n\t\t\t<div class=\"elementor-widget-wrap elementor-element-populated\">\n\t\t\t\t\t\t<div class=\"elementor-element elementor-element-31e683f2 at-image-animation at-animation-image-none at-none elementor-widget elementor-widget-image\" data-id=\"31e683f2\" data-element_type=\"widget\" data-e-type=\"widget\" data-settings=\"{&quot;ekit_we_effect_on&quot;:&quot;none&quot;}\" data-widget_type=\"image.default\">\n\t\t\t\t\t\t\t\t\t\t\t\t\t\t\t\t<a href=\"\/elementor-business-one-page\/service04\/%20\">\n\t\t\t\t\t\t\t<img decoding=\"async\" src=\"https:\/\/gjergjihtextil.com\/wp-content\/uploads\/elementor\/thumbs\/Fasoneri-Gjergji-H-rmrop83rpq2gn9d55t0zz336qecm9aswzge01ukbd4.jpg\" title=\"Fasoneri-Gjergji-H\" alt=\"Fasoneri-Gjergji-H\" loading=\"lazy\" \/>\t\t\t\t\t\t\t\t<\/a>\n\t\t\t\t\t\t\t\t\t\t\t\t\t\t\t<\/div>\n\t\t\t\t<div class=\"elementor-element elementor-element-59d8de6 at-heading-animation at-animation-heading-none elementor-widget elementor-widget-heading\" data-id=\"59d8de6\" data-element_type=\"widget\" data-e-type=\"widget\" data-settings=\"{&quot;ekit_we_effect_on&quot;:&quot;none&quot;}\" data-widget_type=\"heading.default\">\n\t\t\t\t\t<h4 class=\"elementor-heading-title elementor-size-default\">Fasoneri &amp; Rrobaqepsi<\/h4>\t\t\t\t<\/div>\n\t\t\t\t<div class=\"elementor-element elementor-element-5ffa394 elementor-align-center elementor-mobile-align-center elementor-widget elementor-widget-button\" data-id=\"5ffa394\" data-element_type=\"widget\" data-e-type=\"widget\" data-settings=\"{&quot;ekit_we_effect_on&quot;:&quot;none&quot;}\" data-widget_type=\"button.default\">\n\t\t\t\t\t\t\t\t\t\t<a class=\"elementor-button elementor-button-link elementor-size-xs\" href=\"\/elementor-business-one-page\/service04\/%20\">\n\t\t\t\t\t\t<span class=\"elementor-button-content-wrapper\">\n\t\t\t\t\t\t<span class=\"elementor-button-icon\">\n\t\t\t\t<i aria-hidden=\"true\" class=\" icomoon-the7-font-the7-arrow-09\"><\/i>\t\t\t<\/span>\n\t\t\t\t\t\t\t\t\t<span class=\"elementor-button-text\">M\u00eb Shum\u00eb<\/span>\n\t\t\t\t\t<\/span>\n\t\t\t\t\t<\/a>\n\t\t\t\t\t\t\t\t<\/div>\n\t\t\t\t\t<\/div>\n\t\t<\/div>\n\t\t\t\t\t<\/div>\n\t\t<\/section>\n\t\t\t\t<section class=\"elementor-section elementor-top-section elementor-element elementor-element-294d90a elementor-section-boxed elementor-section-height-default elementor-section-height-default\" data-id=\"294d90a\" data-element_type=\"section\" data-e-type=\"section\">\n\t\t\t\t\t\t<div class=\"elementor-container elementor-column-gap-default\">\n\t\t\t\t\t<div class=\"elementor-column elementor-col-100 elementor-top-column elementor-element elementor-element-fe9e082\" data-id=\"fe9e082\" data-element_type=\"column\" data-e-type=\"column\">\n\t\t\t<div class=\"elementor-widget-wrap elementor-element-populated\">\n\t\t\t\t\t\t<div class=\"elementor-element elementor-element-d3ab9e0 elementor-widget elementor-widget-text-editor\" data-id=\"d3ab9e0\" data-element_type=\"widget\" data-e-type=\"widget\" data-settings=\"{&quot;ekit_we_effect_on&quot;:&quot;none&quot;}\" data-widget_type=\"text-editor.default\">\n\t\t\t\t\t\t\t\t\t<p><a href=\"https:\/\/www.facebook.com\/gjergjhtextil.ela\" target=\"_blank\" rel=\"noopener\">https:\/\/www.facebook.com\/gjergjhtextil.ela <\/a><a href=\"https:\/\/www.instagram.com\/gjergjihtextile\/\" target=\"_blank\" rel=\"noopener\">https:\/\/www.instagram.com\/gjergjihtextile\/<\/a><\/p><p>\u00a0<\/p>\t\t\t\t\t\t\t\t<\/div>\n\t\t\t\t\t<\/div>\n\t\t<\/div>\n\t\t\t\t\t<\/div>\n\t\t<\/section>\n\t\t\t\t<\/div>\n\t\t","protected":false},"excerpt":{"rendered":"<p>Tekstile p\u00ebr Restorante me Shumic\u00eb Eksprerienca e konsumatorit [&hellip;]<\/p>\n","protected":false},"author":1,"featured_media":1144,"parent":993,"menu_order":20,"comment_status":"closed","ping_status":"closed","template":"","meta":{"footnotes":""},"class_list":["post-1001","page","type-page","status-publish","has-post-thumbnail","hentry"],"_links":{"self":[{"href":"https:\/\/gjergjihtextil.com\/en\/wp-json\/wp\/v2\/pages\/1001","targetHints":{"allow":["GET"]}}],"collection":[{"href":"https:\/\/gjergjihtextil.com\/en\/wp-json\/wp\/v2\/pages"}],"about":[{"href":"https:\/\/gjergjihtextil.com\/en\/wp-json\/wp\/v2\/types\/page"}],"author":[{"embeddable":true,"href":"https:\/\/gjergjihtextil.com\/en\/wp-json\/wp\/v2\/users\/1"}],"replies":[{"embeddable":true,"href":"https:\/\/gjergjihtextil.com\/en\/wp-json\/wp\/v2\/comments?post=1001"}],"version-history":[{"count":54,"href":"https:\/\/gjergjihtextil.com\/en\/wp-json\/wp\/v2\/pages\/1001\/revisions"}],"predecessor-version":[{"id":1942,"href":"https:\/\/gjergjihtextil.com\/en\/wp-json\/wp\/v2\/pages\/1001\/revisions\/1942"}],"up":[{"embeddable":true,"href":"https:\/\/gjergjihtextil.com\/en\/wp-json\/wp\/v2\/pages\/993"}],"wp:featuredmedia":[{"embeddable":true,"href":"https:\/\/gjergjihtextil.com\/en\/wp-json\/wp\/v2\/media\/1144"}],"wp:attachment":[{"href":"https:\/\/gjergjihtextil.com\/en\/wp-json\/wp\/v2\/media?parent=1001"}],"curies":[{"name":"wp","href":"https:\/\/api.w.org\/{rel}","templated":true}]}}