{"id":1007,"date":"2020-02-13T13:18:02","date_gmt":"2020-02-13T13:18:02","guid":{"rendered":"https:\/\/the7.io\/elementor-business-one-page\/?page_id=1007"},"modified":"2022-12-19T12:02:01","modified_gmt":"2022-12-19T11:02:01","slug":"arredim-eventesh","status":"publish","type":"page","link":"https:\/\/gjergjihtextil.com\/it\/sherbimet-tona\/arredim-eventesh\/","title":{"rendered":"Arredim Eventesh"},"content":{"rendered":"\t\t<div data-elementor-type=\"wp-page\" data-elementor-id=\"1007\" class=\"elementor elementor-1007\">\n\t\t\t\t\t\t<section class=\"elementor-section elementor-top-section elementor-element elementor-element-29acb9a7 elementor-reverse-tablet elementor-reverse-mobile elementor-section-boxed elementor-section-height-default elementor-section-height-default\" data-id=\"29acb9a7\" data-element_type=\"section\" data-e-type=\"section\">\n\t\t\t\t\t\t<div class=\"elementor-container elementor-column-gap-no\">\n\t\t\t\t\t<div class=\"elementor-column elementor-col-50 elementor-top-column elementor-element elementor-element-b0dc82f\" data-id=\"b0dc82f\" data-element_type=\"column\" data-e-type=\"column\">\n\t\t\t<div class=\"elementor-widget-wrap elementor-element-populated\">\n\t\t\t\t\t\t<div class=\"elementor-element elementor-element-4a027392 at-heading-animation at-animation-heading-none elementor-widget elementor-widget-heading\" data-id=\"4a027392\" data-element_type=\"widget\" data-e-type=\"widget\" data-settings=\"{&quot;ekit_we_effect_on&quot;:&quot;none&quot;}\" data-widget_type=\"heading.default\">\n\t\t\t\t\t<h2 class=\"elementor-heading-title elementor-size-default\">Tekstile dhe dekore p\u00ebr arredim eventesh<\/h2>\t\t\t\t<\/div>\n\t\t\t\t<div class=\"elementor-element elementor-element-18429bac elementor-widget-divider--view-line elementor-widget elementor-widget-divider\" data-id=\"18429bac\" data-element_type=\"widget\" data-e-type=\"widget\" data-settings=\"{&quot;ekit_we_effect_on&quot;:&quot;none&quot;}\" data-widget_type=\"divider.default\">\n\t\t\t\t\t\t\t<div class=\"elementor-divider\">\n\t\t\t<span class=\"elementor-divider-separator\">\n\t\t\t\t\t\t<\/span>\n\t\t<\/div>\n\t\t\t\t\t\t<\/div>\n\t\t\t\t<div class=\"elementor-element elementor-element-10b22ade elementor-widget elementor-widget-text-editor\" data-id=\"10b22ade\" data-element_type=\"widget\" data-e-type=\"widget\" data-settings=\"{&quot;ekit_we_effect_on&quot;:&quot;none&quot;}\" data-widget_type=\"text-editor.default\">\n\t\t\t\t\t\t\t\t\t<h4>Disa njer\u00ebz shohin vende t\u00eb bukura, disa t\u00eb tjer\u00eb i b\u00ebjn\u00eb vendet shum\u00eb t\u00eb bukura!<\/h4><p>Gjith\u00e7ka i duhet nj\u00eb kompanie eventi p\u00ebr t\u00eb dekoruar nj\u00eb event n\u00eb m\u00ebnyr\u00ebn m\u00eb t\u00eb mir\u00eb.<\/p><p>Gjergji H Tekstil ju sjell lule artificiale, karrige p\u00ebr evente, mbulesa, perde, tekstile dekorative dhe gama vazhdon.<\/p><p>Jemi nd\u00ebr partner\u00ebt m\u00eb t\u00eb fort\u00eb t\u00eb kompanive t\u00eb eventeve m\u00eb n\u00eb y\u00eb n\u00eb Shqip\u00ebri. Me materialet tona jan\u00eb dekoruar me mijra dasma, nd\u00ebr to edhe shum\u00eb dasma VIP-ash.<\/p><p>Ofrojm\u00eb gam\u00eb m\u00eb t\u00eb gjer\u00eb te dekoreve dhe tekstileve per dekore, me \u00e7mim, dizajn dhe kualitet q\u00eb nuk e gjeni askund tjet\u00ebr.<\/p>\t\t\t\t\t\t\t\t<\/div>\n\t\t\t\t\t<\/div>\n\t\t<\/div>\n\t\t\t\t<div class=\"elementor-column elementor-col-50 elementor-top-column elementor-element elementor-element-4aea638f\" data-id=\"4aea638f\" data-element_type=\"column\" data-e-type=\"column\" data-settings=\"{&quot;background_background&quot;:&quot;slideshow&quot;,&quot;background_slideshow_gallery&quot;:[{&quot;id&quot;:1401,&quot;url&quot;:&quot;https:\\\/\\\/gjergjihtextil.com\\\/wp-content\\\/uploads\\\/2021\\\/05\\\/Gjergji-H-Dekore-per-evente-3.jpg&quot;}],&quot;background_slideshow_loop&quot;:&quot;yes&quot;,&quot;background_slideshow_slide_duration&quot;:5000,&quot;background_slideshow_slide_transition&quot;:&quot;fade&quot;,&quot;background_slideshow_transition_duration&quot;:500}\">\n\t\t\t<div class=\"elementor-widget-wrap elementor-element-populated\">\n\t\t\t\t\t\t<div class=\"elementor-element elementor-element-24d7d492 elementor-widget elementor-widget-spacer\" data-id=\"24d7d492\" data-element_type=\"widget\" data-e-type=\"widget\" data-settings=\"{&quot;ekit_we_effect_on&quot;:&quot;none&quot;}\" data-widget_type=\"spacer.default\">\n\t\t\t\t\t\t\t<div class=\"elementor-spacer\">\n\t\t\t<div class=\"elementor-spacer-inner\"><\/div>\n\t\t<\/div>\n\t\t\t\t\t\t<\/div>\n\t\t\t\t\t<\/div>\n\t\t<\/div>\n\t\t\t\t\t<\/div>\n\t\t<\/section>\n\t\t\t\t<section class=\"elementor-section elementor-top-section elementor-element elementor-element-4289a75 elementor-section-boxed elementor-section-height-default elementor-section-height-default\" data-id=\"4289a75\" data-element_type=\"section\" data-e-type=\"section\">\n\t\t\t\t\t\t<div class=\"elementor-container elementor-column-gap-default\">\n\t\t\t\t\t<div class=\"elementor-column elementor-col-100 elementor-top-column elementor-element elementor-element-198cc2d\" data-id=\"198cc2d\" data-element_type=\"column\" data-e-type=\"column\">\n\t\t\t<div class=\"elementor-widget-wrap elementor-element-populated\">\n\t\t\t\t\t\t<div class=\"elementor-element elementor-element-079820c at-image-animation at-animation-image-none at-none elementor-widget elementor-widget-image\" data-id=\"079820c\" data-element_type=\"widget\" data-e-type=\"widget\" data-settings=\"{&quot;ekit_we_effect_on&quot;:&quot;none&quot;}\" data-widget_type=\"image.default\">\n\t\t\t\t\t\t\t\t\t\t\t\t\t\t\t<img fetchpriority=\"high\" decoding=\"async\" width=\"800\" height=\"534\" src=\"https:\/\/gjergjihtextil.com\/wp-content\/uploads\/2021\/05\/Arredim-eventesh-2-1024x683.jpg\" class=\"attachment-large size-large wp-image-1815\" alt=\"Arredim eventesh\" srcset=\"https:\/\/gjergjihtextil.com\/wp-content\/uploads\/2021\/05\/Arredim-eventesh-2-1024x683.jpg 1024w, https:\/\/gjergjihtextil.com\/wp-content\/uploads\/2021\/05\/Arredim-eventesh-2-600x400.jpg 600w, https:\/\/gjergjihtextil.com\/wp-content\/uploads\/2021\/05\/Arredim-eventesh-2-300x200.jpg 300w, https:\/\/gjergjihtextil.com\/wp-content\/uploads\/2021\/05\/Arredim-eventesh-2-768x512.jpg 768w, https:\/\/gjergjihtextil.com\/wp-content\/uploads\/2021\/05\/Arredim-eventesh-2.jpg 1500w\" sizes=\"(max-width: 800px) 100vw, 800px\" \/>\t\t\t\t\t\t\t\t\t\t\t\t\t\t\t<\/div>\n\t\t\t\t<div class=\"elementor-element elementor-element-ac309ce elementor-widget elementor-widget-text-editor\" data-id=\"ac309ce\" data-element_type=\"widget\" data-e-type=\"widget\" data-settings=\"{&quot;ekit_we_effect_on&quot;:&quot;none&quot;}\" data-widget_type=\"text-editor.default\">\n\t\t\t\t\t\t\t\t\t<p>Gjergji H Tekstil eshte furnitori me i madh i tekstileve dhe i produkteve per arredim evetesh. Ofrojme shumllojshmeri produktesh, cmimesh dhe cilesishe. Gjithcka ju duhet per arredim eventesh e gjeni te Gjergji H Tekstil. Karrige te tejdukshem polikarbonat Ghost. Veshje per karrige e cila perdoret per arredim eventesh. Lule artificiale\u00a0 per dasma dhe arredim evetesh te tjera. Pjata dekorative metalike, qelqi dhe polikarbonati ne materiale dhe ngjyra te ndrsyhme per arredim eventesh ne menyren me te mire. Shandan dekorativ metalik per tavoline. Tekstile te ndryshme per arredim eventesh, me tamina, me shkelqim, etj. Gjergji H Tekstil eshte numri nje ne Shqiperi per gjithcka ju duhet per arredim eventesh.\u00a0<\/p>\t\t\t\t\t\t\t\t<\/div>\n\t\t\t\t\t<\/div>\n\t\t<\/div>\n\t\t\t\t\t<\/div>\n\t\t<\/section>\n\t\t\t\t<section class=\"elementor-section elementor-top-section elementor-element elementor-element-5ad1c3b elementor-section-boxed elementor-section-height-default elementor-section-height-default\" data-id=\"5ad1c3b\" data-element_type=\"section\" data-e-type=\"section\">\n\t\t\t\t\t\t<div class=\"elementor-container elementor-column-gap-wide\">\n\t\t\t\t\t<div class=\"elementor-column elementor-col-100 elementor-top-column elementor-element elementor-element-5b62a8a2\" data-id=\"5b62a8a2\" data-element_type=\"column\" data-e-type=\"column\">\n\t\t\t<div class=\"elementor-widget-wrap elementor-element-populated\">\n\t\t\t\t\t\t<div class=\"elementor-element elementor-element-1e974fc2 elementor-widget-divider--view-line_text elementor-widget-divider--element-align-center elementor-widget elementor-widget-divider\" data-id=\"1e974fc2\" data-element_type=\"widget\" data-e-type=\"widget\" data-settings=\"{&quot;ekit_we_effect_on&quot;:&quot;none&quot;}\" data-widget_type=\"divider.default\">\n\t\t\t\t\t\t\t<div class=\"elementor-divider\">\n\t\t\t<span class=\"elementor-divider-separator\">\n\t\t\t\t\t\t\t<span class=\"elementor-divider__text elementor-divider__element\">\n\t\t\t\t\u00c7FAR\u00cb OFROJM\u00cb\u200b\t\t\t\t<\/span>\n\t\t\t\t\t\t<\/span>\n\t\t<\/div>\n\t\t\t\t\t\t<\/div>\n\t\t\t\t\t<\/div>\n\t\t<\/div>\n\t\t\t\t\t<\/div>\n\t\t<\/section>\n\t\t\t\t<section class=\"elementor-section elementor-top-section elementor-element elementor-element-67b4edd2 elementor-section-boxed elementor-section-height-default elementor-section-height-default\" data-id=\"67b4edd2\" data-element_type=\"section\" data-e-type=\"section\">\n\t\t\t\t\t\t<div class=\"elementor-container elementor-column-gap-wide\">\n\t\t\t\t\t<div class=\"elementor-column elementor-col-100 elementor-top-column elementor-element elementor-element-65a9fe5c\" data-id=\"65a9fe5c\" data-element_type=\"column\" data-e-type=\"column\">\n\t\t\t<div class=\"elementor-widget-wrap elementor-element-populated\">\n\t\t\t\t\t\t<div class=\"elementor-element elementor-element-2b5aa2b5 elementor-widget-divider--view-line_text elementor-widget-divider--element-align-center elementor-widget elementor-widget-divider\" data-id=\"2b5aa2b5\" data-element_type=\"widget\" data-e-type=\"widget\" data-settings=\"{&quot;ekit_we_effect_on&quot;:&quot;none&quot;}\" data-widget_type=\"divider.default\">\n\t\t\t\t\t\t\t<div class=\"elementor-divider\">\n\t\t\t<span class=\"elementor-divider-separator\">\n\t\t\t\t\t\t\t<span class=\"elementor-divider__text elementor-divider__element\">\n\t\t\t\tSH\u00cbRBIME T\u00cb TJERA\u200b\t\t\t\t<\/span>\n\t\t\t\t\t\t<\/span>\n\t\t<\/div>\n\t\t\t\t\t\t<\/div>\n\t\t\t\t\t<\/div>\n\t\t<\/div>\n\t\t\t\t\t<\/div>\n\t\t<\/section>\n\t\t\t\t<section class=\"elementor-section elementor-top-section elementor-element elementor-element-7bdc76a8 elementor-section-boxed elementor-section-height-default elementor-section-height-default\" data-id=\"7bdc76a8\" data-element_type=\"section\" data-e-type=\"section\">\n\t\t\t\t\t\t<div class=\"elementor-container elementor-column-gap-no\">\n\t\t\t\t\t<div class=\"elementor-column elementor-col-25 elementor-top-column elementor-element elementor-element-34f88f22\" data-id=\"34f88f22\" data-element_type=\"column\" data-e-type=\"column\">\n\t\t\t<div class=\"elementor-widget-wrap elementor-element-populated\">\n\t\t\t\t\t\t<div class=\"elementor-element elementor-element-6b8ab704 at-image-animation at-animation-image-none at-none elementor-widget elementor-widget-image\" data-id=\"6b8ab704\" data-element_type=\"widget\" data-e-type=\"widget\" data-settings=\"{&quot;ekit_we_effect_on&quot;:&quot;none&quot;}\" data-widget_type=\"image.default\">\n\t\t\t\t\t\t\t\t\t\t\t\t\t\t\t\t<a href=\"\/elementor-business-one-page\/service01\/%20\">\n\t\t\t\t\t\t\t<img decoding=\"async\" src=\"https:\/\/gjergjihtextil.com\/wp-content\/uploads\/elementor\/thumbs\/bedroom-test-1-rmrop91lwk3qyvbs0bfmjkunbs7zgzwnbl1hj4ix6w.jpg\" title=\"Hotel Gjergji H\" alt=\"Tekstile per Hotele\" loading=\"lazy\" \/>\t\t\t\t\t\t\t\t<\/a>\n\t\t\t\t\t\t\t\t\t\t\t\t\t\t\t<\/div>\n\t\t\t\t<div class=\"elementor-element elementor-element-46402fe0 at-heading-animation at-animation-heading-none elementor-widget elementor-widget-heading\" data-id=\"46402fe0\" data-element_type=\"widget\" data-e-type=\"widget\" data-settings=\"{&quot;ekit_we_effect_on&quot;:&quot;none&quot;}\" data-widget_type=\"heading.default\">\n\t\t\t\t\t<h4 class=\"elementor-heading-title elementor-size-default\">Hotele<\/h4>\t\t\t\t<\/div>\n\t\t\t\t<div class=\"elementor-element elementor-element-2a83c803 elementor-align-center elementor-mobile-align-center elementor-widget elementor-widget-button\" data-id=\"2a83c803\" data-element_type=\"widget\" data-e-type=\"widget\" data-settings=\"{&quot;ekit_we_effect_on&quot;:&quot;none&quot;}\" data-widget_type=\"button.default\">\n\t\t\t\t\t\t\t\t\t\t<a class=\"elementor-button elementor-button-link elementor-size-xs\" href=\"\/elementor-business-one-page\/service01\/%20\">\n\t\t\t\t\t\t<span class=\"elementor-button-content-wrapper\">\n\t\t\t\t\t\t<span class=\"elementor-button-icon\">\n\t\t\t\t<i aria-hidden=\"true\" class=\" icomoon-the7-font-the7-arrow-09\"><\/i>\t\t\t<\/span>\n\t\t\t\t\t\t\t\t\t<span class=\"elementor-button-text\">M\u00eb Shum\u00eb<\/span>\n\t\t\t\t\t<\/span>\n\t\t\t\t\t<\/a>\n\t\t\t\t\t\t\t\t<\/div>\n\t\t\t\t\t<\/div>\n\t\t<\/div>\n\t\t\t\t<div class=\"elementor-column elementor-col-25 elementor-top-column elementor-element elementor-element-4dfbfedd\" data-id=\"4dfbfedd\" data-element_type=\"column\" data-e-type=\"column\">\n\t\t\t<div class=\"elementor-widget-wrap elementor-element-populated\">\n\t\t\t\t\t\t<div class=\"elementor-element elementor-element-61176d18 at-image-animation at-animation-image-none at-none elementor-widget elementor-widget-image\" data-id=\"61176d18\" data-element_type=\"widget\" data-e-type=\"widget\" data-settings=\"{&quot;ekit_we_effect_on&quot;:&quot;none&quot;}\" data-widget_type=\"image.default\">\n\t\t\t\t\t\t\t\t\t\t\t\t\t\t\t\t<a href=\"\/elementor-business-one-page\/service02\/%20\">\n\t\t\t\t\t\t\t<img decoding=\"async\" src=\"https:\/\/gjergjihtextil.com\/wp-content\/uploads\/elementor\/thumbs\/4242676-restaurant-rmrop83rpq2gn9d55t0zz336qecm9aswzge01ukbd4.jpg\" title=\"Restorant Gjergji H\" alt=\"Tekstile per Restorante\" loading=\"lazy\" \/>\t\t\t\t\t\t\t\t<\/a>\n\t\t\t\t\t\t\t\t\t\t\t\t\t\t\t<\/div>\n\t\t\t\t<div class=\"elementor-element elementor-element-3f0e0e76 at-heading-animation at-animation-heading-none elementor-widget elementor-widget-heading\" data-id=\"3f0e0e76\" data-element_type=\"widget\" data-e-type=\"widget\" data-settings=\"{&quot;ekit_we_effect_on&quot;:&quot;none&quot;}\" data-widget_type=\"heading.default\">\n\t\t\t\t\t<h4 class=\"elementor-heading-title elementor-size-default\">\nRestorante<\/h4>\t\t\t\t<\/div>\n\t\t\t\t\t<\/div>\n\t\t<\/div>\n\t\t\t\t<div class=\"elementor-column elementor-col-25 elementor-top-column elementor-element elementor-element-1b2096ee\" data-id=\"1b2096ee\" data-element_type=\"column\" data-e-type=\"column\">\n\t\t\t<div class=\"elementor-widget-wrap elementor-element-populated\">\n\t\t\t\t\t\t<div class=\"elementor-element elementor-element-64471661 at-image-animation at-animation-image-none at-none elementor-widget elementor-widget-image\" data-id=\"64471661\" data-element_type=\"widget\" data-e-type=\"widget\" data-settings=\"{&quot;ekit_we_effect_on&quot;:&quot;none&quot;}\" data-widget_type=\"image.default\">\n\t\t\t\t\t\t\t\t\t\t\t\t\t\t\t\t<a href=\"\/elementor-business-one-page\/service03\/%20\">\n\t\t\t\t\t\t\t<img decoding=\"async\" src=\"https:\/\/gjergjihtextil.com\/wp-content\/uploads\/elementor\/thumbs\/Gjergji-H-Tekstil-Event-rmrop83rpq2gn9d55t0zz336qecm9aswzge01ukbd4.jpg\" title=\"Gjergji-H-Tekstil-Event\" alt=\"Gjergji H Tekstil Event\" loading=\"lazy\" \/>\t\t\t\t\t\t\t\t<\/a>\n\t\t\t\t\t\t\t\t\t\t\t\t\t\t\t<\/div>\n\t\t\t\t<div class=\"elementor-element elementor-element-34f463ae at-heading-animation at-animation-heading-none elementor-widget elementor-widget-heading\" data-id=\"34f463ae\" data-element_type=\"widget\" data-e-type=\"widget\" data-settings=\"{&quot;ekit_we_effect_on&quot;:&quot;none&quot;}\" data-widget_type=\"heading.default\">\n\t\t\t\t\t<h4 class=\"elementor-heading-title elementor-size-default\">Arredim Eventesh<\/h4>\t\t\t\t<\/div>\n\t\t\t\t<div class=\"elementor-element elementor-element-7befd359 elementor-align-center elementor-mobile-align-center elementor-widget elementor-widget-button\" data-id=\"7befd359\" data-element_type=\"widget\" data-e-type=\"widget\" data-settings=\"{&quot;ekit_we_effect_on&quot;:&quot;none&quot;}\" data-widget_type=\"button.default\">\n\t\t\t\t\t\t\t\t\t\t<a class=\"elementor-button elementor-button-link elementor-size-xs\" href=\"\/elementor-business-one-page\/service03\/%20\">\n\t\t\t\t\t\t<span class=\"elementor-button-content-wrapper\">\n\t\t\t\t\t\t<span class=\"elementor-button-icon\">\n\t\t\t\t<i aria-hidden=\"true\" class=\" icomoon-the7-font-the7-arrow-09\"><\/i>\t\t\t<\/span>\n\t\t\t\t\t\t\t\t\t<span class=\"elementor-button-text\">M\u00eb Shum\u00eb<\/span>\n\t\t\t\t\t<\/span>\n\t\t\t\t\t<\/a>\n\t\t\t\t\t\t\t\t<\/div>\n\t\t\t\t\t<\/div>\n\t\t<\/div>\n\t\t\t\t<div class=\"elementor-column elementor-col-25 elementor-top-column elementor-element elementor-element-22147ca7\" data-id=\"22147ca7\" data-element_type=\"column\" data-e-type=\"column\">\n\t\t\t<div class=\"elementor-widget-wrap elementor-element-populated\">\n\t\t\t\t\t\t<div class=\"elementor-element elementor-element-56f09dc at-image-animation at-animation-image-none at-none elementor-widget elementor-widget-image\" data-id=\"56f09dc\" data-element_type=\"widget\" data-e-type=\"widget\" data-settings=\"{&quot;ekit_we_effect_on&quot;:&quot;none&quot;}\" data-widget_type=\"image.default\">\n\t\t\t\t\t\t\t\t\t\t\t\t\t\t\t\t<a href=\"\/elementor-business-one-page\/service04\/%20\">\n\t\t\t\t\t\t\t<img decoding=\"async\" src=\"https:\/\/gjergjihtextil.com\/wp-content\/uploads\/elementor\/thumbs\/Fasoneri-Gjergji-H-rmrop83rpq2gn9d55t0zz336qecm9aswzge01ukbd4.jpg\" title=\"Fasoneri-Gjergji-H\" alt=\"Fasoneri-Gjergji-H\" loading=\"lazy\" \/>\t\t\t\t\t\t\t\t<\/a>\n\t\t\t\t\t\t\t\t\t\t\t\t\t\t\t<\/div>\n\t\t\t\t<div class=\"elementor-element elementor-element-6d1683d8 at-heading-animation at-animation-heading-none elementor-widget elementor-widget-heading\" data-id=\"6d1683d8\" data-element_type=\"widget\" data-e-type=\"widget\" data-settings=\"{&quot;ekit_we_effect_on&quot;:&quot;none&quot;}\" data-widget_type=\"heading.default\">\n\t\t\t\t\t<h4 class=\"elementor-heading-title elementor-size-default\">Fasoneri &amp; Rrobaqepsi<\/h4>\t\t\t\t<\/div>\n\t\t\t\t<div class=\"elementor-element elementor-element-11b9c65c elementor-align-center elementor-mobile-align-center elementor-widget elementor-widget-button\" data-id=\"11b9c65c\" data-element_type=\"widget\" data-e-type=\"widget\" data-settings=\"{&quot;ekit_we_effect_on&quot;:&quot;none&quot;}\" data-widget_type=\"button.default\">\n\t\t\t\t\t\t\t\t\t\t<a class=\"elementor-button elementor-button-link elementor-size-xs\" href=\"\/elementor-business-one-page\/service04\/%20\">\n\t\t\t\t\t\t<span class=\"elementor-button-content-wrapper\">\n\t\t\t\t\t\t<span class=\"elementor-button-icon\">\n\t\t\t\t<i aria-hidden=\"true\" class=\" icomoon-the7-font-the7-arrow-09\"><\/i>\t\t\t<\/span>\n\t\t\t\t\t\t\t\t\t<span class=\"elementor-button-text\">M\u00eb Shum\u00eb<\/span>\n\t\t\t\t\t<\/span>\n\t\t\t\t\t<\/a>\n\t\t\t\t\t\t\t\t<\/div>\n\t\t\t\t\t<\/div>\n\t\t<\/div>\n\t\t\t\t\t<\/div>\n\t\t<\/section>\n\t\t\t\t<section class=\"elementor-section elementor-top-section elementor-element elementor-element-7909b9e elementor-section-boxed elementor-section-height-default elementor-section-height-default\" data-id=\"7909b9e\" data-element_type=\"section\" data-e-type=\"section\">\n\t\t\t\t\t\t<div class=\"elementor-container elementor-column-gap-default\">\n\t\t\t\t\t<div class=\"elementor-column elementor-col-100 elementor-top-column elementor-element elementor-element-6d6ce04\" data-id=\"6d6ce04\" data-element_type=\"column\" data-e-type=\"column\">\n\t\t\t<div class=\"elementor-widget-wrap elementor-element-populated\">\n\t\t\t\t\t\t<div class=\"elementor-element elementor-element-daf37ee elementor-widget elementor-widget-text-editor\" data-id=\"daf37ee\" data-element_type=\"widget\" data-e-type=\"widget\" data-settings=\"{&quot;ekit_we_effect_on&quot;:&quot;none&quot;}\" data-widget_type=\"text-editor.default\">\n\t\t\t\t\t\t\t\t\t<p><a href=\"https:\/\/www.facebook.com\/gjergjhtextil.ela\" target=\"_blank\" rel=\"noopener\">https:\/\/www.facebook.com\/gjergjhtextil.ela <\/a><a href=\"https:\/\/www.instagram.com\/gjergjihtextile\/\" target=\"_blank\" rel=\"noopener\">https:\/\/www.instagram.com\/gjergjihtextile\/<\/a><\/p><p>\u00a0<\/p>\t\t\t\t\t\t\t\t<\/div>\n\t\t\t\t\t<\/div>\n\t\t<\/div>\n\t\t\t\t\t<\/div>\n\t\t<\/section>\n\t\t\t\t<\/div>\n\t\t","protected":false},"excerpt":{"rendered":"<p>Tekstile dhe dekore p\u00ebr arredim eventesh Disa njer\u00ebz [&hellip;]<\/p>\n","protected":false},"author":1,"featured_media":1145,"parent":993,"menu_order":30,"comment_status":"closed","ping_status":"closed","template":"","meta":{"footnotes":""},"class_list":["post-1007","page","type-page","status-publish","has-post-thumbnail","hentry"],"_links":{"self":[{"href":"https:\/\/gjergjihtextil.com\/it\/wp-json\/wp\/v2\/pages\/1007","targetHints":{"allow":["GET"]}}],"collection":[{"href":"https:\/\/gjergjihtextil.com\/it\/wp-json\/wp\/v2\/pages"}],"about":[{"href":"https:\/\/gjergjihtextil.com\/it\/wp-json\/wp\/v2\/types\/page"}],"author":[{"embeddable":true,"href":"https:\/\/gjergjihtextil.com\/it\/wp-json\/wp\/v2\/users\/1"}],"replies":[{"embeddable":true,"href":"https:\/\/gjergjihtextil.com\/it\/wp-json\/wp\/v2\/comments?post=1007"}],"version-history":[{"count":39,"href":"https:\/\/gjergjihtextil.com\/it\/wp-json\/wp\/v2\/pages\/1007\/revisions"}],"predecessor-version":[{"id":2073,"href":"https:\/\/gjergjihtextil.com\/it\/wp-json\/wp\/v2\/pages\/1007\/revisions\/2073"}],"up":[{"embeddable":true,"href":"https:\/\/gjergjihtextil.com\/it\/wp-json\/wp\/v2\/pages\/993"}],"wp:featuredmedia":[{"embeddable":true,"href":"https:\/\/gjergjihtextil.com\/it\/wp-json\/wp\/v2\/media\/1145"}],"wp:attachment":[{"href":"https:\/\/gjergjihtextil.com\/it\/wp-json\/wp\/v2\/media?parent=1007"}],"curies":[{"name":"wp","href":"https:\/\/api.w.org\/{rel}","templated":true}]}}