{"id":1009,"date":"2020-02-13T13:19:05","date_gmt":"2020-02-13T13:19:05","guid":{"rendered":"https:\/\/the7.io\/elementor-business-one-page\/?page_id=1009"},"modified":"2022-12-19T12:02:02","modified_gmt":"2022-12-19T11:02:02","slug":"tekstile-per-rrobaqepsi","status":"publish","type":"page","link":"https:\/\/gjergjihtextil.com\/it\/sherbimet-tona\/tekstile-per-rrobaqepsi\/","title":{"rendered":"Tekstile per Rrobaqepsi"},"content":{"rendered":"\t\t<div data-elementor-type=\"wp-page\" data-elementor-id=\"1009\" class=\"elementor elementor-1009\">\n\t\t\t\t\t\t<section class=\"elementor-section elementor-top-section elementor-element elementor-element-68a9d2dc elementor-reverse-tablet elementor-reverse-mobile elementor-section-boxed elementor-section-height-default elementor-section-height-default\" data-id=\"68a9d2dc\" data-element_type=\"section\" data-e-type=\"section\">\n\t\t\t\t\t\t<div class=\"elementor-container elementor-column-gap-no\">\n\t\t\t\t\t<div class=\"elementor-column elementor-col-50 elementor-top-column elementor-element elementor-element-17583d5d\" data-id=\"17583d5d\" data-element_type=\"column\" data-e-type=\"column\">\n\t\t\t<div class=\"elementor-widget-wrap elementor-element-populated\">\n\t\t\t\t\t\t<div class=\"elementor-element elementor-element-3ada523f at-heading-animation at-animation-heading-none elementor-widget elementor-widget-heading\" data-id=\"3ada523f\" data-element_type=\"widget\" data-e-type=\"widget\" data-settings=\"{&quot;ekit_we_effect_on&quot;:&quot;none&quot;}\" data-widget_type=\"heading.default\">\n\t\t\t\t\t<h2 class=\"elementor-heading-title elementor-size-default\">Tekstile p\u00ebr rrobaqepsi  me shumic\u00eb<\/h2>\t\t\t\t<\/div>\n\t\t\t\t<div class=\"elementor-element elementor-element-4d6404e2 elementor-widget-divider--view-line elementor-widget elementor-widget-divider\" data-id=\"4d6404e2\" data-element_type=\"widget\" data-e-type=\"widget\" data-settings=\"{&quot;ekit_we_effect_on&quot;:&quot;none&quot;}\" data-widget_type=\"divider.default\">\n\t\t\t\t\t\t\t<div class=\"elementor-divider\">\n\t\t\t<span class=\"elementor-divider-separator\">\n\t\t\t\t\t\t<\/span>\n\t\t<\/div>\n\t\t\t\t\t\t<\/div>\n\t\t\t\t<div class=\"elementor-element elementor-element-5fd9b19e elementor-widget elementor-widget-text-editor\" data-id=\"5fd9b19e\" data-element_type=\"widget\" data-e-type=\"widget\" data-settings=\"{&quot;ekit_we_effect_on&quot;:&quot;none&quot;}\" data-widget_type=\"text-editor.default\">\n\t\t\t\t\t\t\t\t\t<h4>Moda nuk \u00ebsht\u00eb di\u00e7ka q\u00eb ekziston vet\u00ebm n\u00eb fustane. Moda \u00ebsht\u00eb n\u00eb qiell, n\u00eb rrug\u00eb; moda ka t\u00eb b\u00ebj\u00eb me idet\u00eb, m\u00ebnyr\u00ebn se si jetojm\u00eb, gjith\u00e7ka ndodh p\u00ebrreth nesh.<\/h4><p>Gjergji H Tekstil, p\u00ebr t\u00eb krijuar koleksione fantastike, dzajne mbresl\u00ebn\u00ebse, dhe tju frym\u00ebzoj.<\/p><p>Teksile per rrobaqepsi t\u00eb t\u00eb gjihta llojeve dhe dizajneve. Materiale t\u00eb t\u00eb gjihta llojeve, t\u00eb p\u00ebrshtat\u00ebshme p\u00ebr koleksionin tuaj t\u00eb dimrit ose t\u00eb ver\u00ebs.\u00a0<\/p><p>M\u00ebndafshe, lino, kashmir, dok, shifon dhe koleksioni i maretialeve vazhdon. Ngjyra dhe dizajne te ndyshme, lisho q\u00eb ju b\u00eb t\u00eb mundur ti stamponi dizajnin tuaj, ose dizajne t\u00eb mod\u00ebs s\u00eb fundit.<\/p><p>\u00c7do tekstil e gjeni te ne, dhe n\u00ebs\u00eb nuk i keni ende idet\u00eb shum\u00eb t\u00eb qarta, duke pare gam\u00ebn ton\u00eb shum\u00eb t\u00eb gjer\u00eb frym\u00ebzimi ju vjen vet!<\/p>\t\t\t\t\t\t\t\t<\/div>\n\t\t\t\t\t<\/div>\n\t\t<\/div>\n\t\t\t\t<div class=\"elementor-column elementor-col-50 elementor-top-column elementor-element elementor-element-69c0cf33\" data-id=\"69c0cf33\" data-element_type=\"column\" data-e-type=\"column\" data-settings=\"{&quot;background_background&quot;:&quot;slideshow&quot;,&quot;background_slideshow_gallery&quot;:[{&quot;id&quot;:1406,&quot;url&quot;:&quot;https:\\\/\\\/gjergjihtextil.com\\\/wp-content\\\/uploads\\\/2021\\\/05\\\/Tekstile-me-shumice-per-fasoneri-dhe-rrobaqepsi-2.jpg&quot;}],&quot;background_slideshow_loop&quot;:&quot;yes&quot;,&quot;background_slideshow_slide_duration&quot;:5000,&quot;background_slideshow_slide_transition&quot;:&quot;fade&quot;,&quot;background_slideshow_transition_duration&quot;:500}\">\n\t\t\t<div class=\"elementor-widget-wrap elementor-element-populated\">\n\t\t\t\t\t\t<div class=\"elementor-element elementor-element-4aec117f elementor-widget elementor-widget-spacer\" data-id=\"4aec117f\" data-element_type=\"widget\" data-e-type=\"widget\" data-settings=\"{&quot;ekit_we_effect_on&quot;:&quot;none&quot;}\" data-widget_type=\"spacer.default\">\n\t\t\t\t\t\t\t<div class=\"elementor-spacer\">\n\t\t\t<div class=\"elementor-spacer-inner\"><\/div>\n\t\t<\/div>\n\t\t\t\t\t\t<\/div>\n\t\t\t\t\t<\/div>\n\t\t<\/div>\n\t\t\t\t\t<\/div>\n\t\t<\/section>\n\t\t\t\t<section class=\"elementor-section elementor-top-section elementor-element elementor-element-c43d5d1 elementor-section-boxed elementor-section-height-default elementor-section-height-default\" data-id=\"c43d5d1\" data-element_type=\"section\" data-e-type=\"section\">\n\t\t\t\t\t\t<div class=\"elementor-container elementor-column-gap-default\">\n\t\t\t\t\t<div class=\"elementor-column elementor-col-100 elementor-top-column elementor-element elementor-element-0dbcb01\" data-id=\"0dbcb01\" data-element_type=\"column\" data-e-type=\"column\">\n\t\t\t<div class=\"elementor-widget-wrap elementor-element-populated\">\n\t\t\t\t\t\t<div class=\"elementor-element elementor-element-738f4b2 at-image-animation at-animation-image-none at-none elementor-widget elementor-widget-image\" data-id=\"738f4b2\" data-element_type=\"widget\" data-e-type=\"widget\" data-settings=\"{&quot;ekit_we_effect_on&quot;:&quot;none&quot;}\" data-widget_type=\"image.default\">\n\t\t\t\t\t\t\t\t\t\t\t\t\t\t\t<img fetchpriority=\"high\" decoding=\"async\" width=\"800\" height=\"534\" src=\"https:\/\/gjergjihtextil.com\/wp-content\/uploads\/2021\/05\/Tekstile-per-rrobaqepsi-1024x683.jpg\" class=\"attachment-large size-large wp-image-1846\" alt=\"Tekstile per rrobaqepsi\" srcset=\"https:\/\/gjergjihtextil.com\/wp-content\/uploads\/2021\/05\/Tekstile-per-rrobaqepsi-1024x683.jpg 1024w, https:\/\/gjergjihtextil.com\/wp-content\/uploads\/2021\/05\/Tekstile-per-rrobaqepsi-600x400.jpg 600w, https:\/\/gjergjihtextil.com\/wp-content\/uploads\/2021\/05\/Tekstile-per-rrobaqepsi-300x200.jpg 300w, https:\/\/gjergjihtextil.com\/wp-content\/uploads\/2021\/05\/Tekstile-per-rrobaqepsi-768x512.jpg 768w, https:\/\/gjergjihtextil.com\/wp-content\/uploads\/2021\/05\/Tekstile-per-rrobaqepsi.jpg 1500w\" sizes=\"(max-width: 800px) 100vw, 800px\" \/>\t\t\t\t\t\t\t\t\t\t\t\t\t\t\t<\/div>\n\t\t\t\t<div class=\"elementor-element elementor-element-249cc8b elementor-widget elementor-widget-text-editor\" data-id=\"249cc8b\" data-element_type=\"widget\" data-e-type=\"widget\" data-settings=\"{&quot;ekit_we_effect_on&quot;:&quot;none&quot;}\" data-widget_type=\"text-editor.default\">\n\t\t\t\t\t\t\t\t\t<p>Tekstile per rrobaqepsi me shumice. Te gjitha llojet e tekstileve qe ju duhen i gjeni te Gjergji H Tekstil. Gama jone e gjere per tekstile per rrobaqepsi eshte shume e gjere. Jemi lider ne sektorin per tekstile per rrobaqepsi ne Shqiperi. Fasonerite me te medhaja dhe dizajneret me ne ze vijne vetem te Gjergji H Tekstil per te perzgjedhur materialet. Gjithcka ju duhet per tekstile per rrobaqepsi e gjeni te ne. Duhet te jemi zgjedhja e vetme per tekstile per rrobaqepsi per ju! Tekstile per rrobaqepsi kane shume por ne kemi gjithcka ju duhet juve. Doni te beni nje koleksion te ekonomik kemi tekstile per rrobaqepsi te lira dhe te bukura. Deshiorni te beni nje koleksion te shtrenjte dhe shume cilesore? Kemi tekstile per rrobaqepsi fantastike. Materiale mendafsh edhe kashmir, fibra te rralla pambuku. Gjithashtu shume lloje tekstile per rrobaqepsi do i gjeni te ne!<\/p>\t\t\t\t\t\t\t\t<\/div>\n\t\t\t\t\t<\/div>\n\t\t<\/div>\n\t\t\t\t\t<\/div>\n\t\t<\/section>\n\t\t\t\t<section class=\"elementor-section elementor-top-section elementor-element elementor-element-514f001a elementor-section-boxed elementor-section-height-default elementor-section-height-default\" data-id=\"514f001a\" data-element_type=\"section\" data-e-type=\"section\">\n\t\t\t\t\t\t<div class=\"elementor-container elementor-column-gap-wide\">\n\t\t\t\t\t<div class=\"elementor-column elementor-col-100 elementor-top-column elementor-element elementor-element-26ca7dff\" data-id=\"26ca7dff\" data-element_type=\"column\" data-e-type=\"column\">\n\t\t\t<div class=\"elementor-widget-wrap elementor-element-populated\">\n\t\t\t\t\t\t<div class=\"elementor-element elementor-element-46b09824 elementor-widget-divider--view-line_text elementor-widget-divider--element-align-center elementor-widget elementor-widget-divider\" data-id=\"46b09824\" data-element_type=\"widget\" data-e-type=\"widget\" data-settings=\"{&quot;ekit_we_effect_on&quot;:&quot;none&quot;}\" data-widget_type=\"divider.default\">\n\t\t\t\t\t\t\t<div class=\"elementor-divider\">\n\t\t\t<span class=\"elementor-divider-separator\">\n\t\t\t\t\t\t\t<span class=\"elementor-divider__text elementor-divider__element\">\n\t\t\t\t\u00c7FAR\u00cb OFROJM\u00cb\t\t\t\t<\/span>\n\t\t\t\t\t\t<\/span>\n\t\t<\/div>\n\t\t\t\t\t\t<\/div>\n\t\t\t\t\t<\/div>\n\t\t<\/div>\n\t\t\t\t\t<\/div>\n\t\t<\/section>\n\t\t\t\t<section class=\"elementor-section elementor-top-section elementor-element elementor-element-4c014567 elementor-section-boxed elementor-section-height-default elementor-section-height-default\" data-id=\"4c014567\" data-element_type=\"section\" data-e-type=\"section\">\n\t\t\t\t\t\t<div class=\"elementor-container elementor-column-gap-wide\">\n\t\t\t\t\t<div class=\"elementor-column elementor-col-100 elementor-top-column elementor-element elementor-element-146a14e4\" data-id=\"146a14e4\" data-element_type=\"column\" data-e-type=\"column\">\n\t\t\t<div class=\"elementor-widget-wrap elementor-element-populated\">\n\t\t\t\t\t\t<div class=\"elementor-element elementor-element-58065743 elementor-widget-divider--view-line_text elementor-widget-divider--element-align-center elementor-widget elementor-widget-divider\" data-id=\"58065743\" data-element_type=\"widget\" data-e-type=\"widget\" data-settings=\"{&quot;ekit_we_effect_on&quot;:&quot;none&quot;}\" data-widget_type=\"divider.default\">\n\t\t\t\t\t\t\t<div class=\"elementor-divider\">\n\t\t\t<span class=\"elementor-divider-separator\">\n\t\t\t\t\t\t\t<span class=\"elementor-divider__text elementor-divider__element\">\n\t\t\t\tSH\u00cbRBIME T\u00cb TJERA\u200b\t\t\t\t<\/span>\n\t\t\t\t\t\t<\/span>\n\t\t<\/div>\n\t\t\t\t\t\t<\/div>\n\t\t\t\t\t<\/div>\n\t\t<\/div>\n\t\t\t\t\t<\/div>\n\t\t<\/section>\n\t\t\t\t<section class=\"elementor-section elementor-top-section elementor-element elementor-element-4fe92b20 elementor-section-boxed elementor-section-height-default elementor-section-height-default\" data-id=\"4fe92b20\" data-element_type=\"section\" data-e-type=\"section\">\n\t\t\t\t\t\t<div class=\"elementor-container elementor-column-gap-no\">\n\t\t\t\t\t<div class=\"elementor-column elementor-col-25 elementor-top-column elementor-element elementor-element-53b4802c\" data-id=\"53b4802c\" data-element_type=\"column\" data-e-type=\"column\">\n\t\t\t<div class=\"elementor-widget-wrap elementor-element-populated\">\n\t\t\t\t\t\t<div class=\"elementor-element elementor-element-527b4e59 at-image-animation at-animation-image-none at-none elementor-widget elementor-widget-image\" data-id=\"527b4e59\" data-element_type=\"widget\" data-e-type=\"widget\" data-settings=\"{&quot;ekit_we_effect_on&quot;:&quot;none&quot;}\" data-widget_type=\"image.default\">\n\t\t\t\t\t\t\t\t\t\t\t\t\t\t\t\t<a href=\"\/elementor-business-one-page\/service01\/%20\">\n\t\t\t\t\t\t\t<img decoding=\"async\" src=\"https:\/\/gjergjihtextil.com\/wp-content\/uploads\/elementor\/thumbs\/bedroom-test-1-rmrop91lwk3qyvbs0bfmjkunbs7zgzwnbl1hj4ix6w.jpg\" title=\"Hotel Gjergji H\" alt=\"Tekstile per Hotele\" loading=\"lazy\" \/>\t\t\t\t\t\t\t\t<\/a>\n\t\t\t\t\t\t\t\t\t\t\t\t\t\t\t<\/div>\n\t\t\t\t<div class=\"elementor-element elementor-element-29a8bf20 at-heading-animation at-animation-heading-none elementor-widget elementor-widget-heading\" data-id=\"29a8bf20\" data-element_type=\"widget\" data-e-type=\"widget\" data-settings=\"{&quot;ekit_we_effect_on&quot;:&quot;none&quot;}\" data-widget_type=\"heading.default\">\n\t\t\t\t\t<h4 class=\"elementor-heading-title elementor-size-default\">Hotele<\/h4>\t\t\t\t<\/div>\n\t\t\t\t<div class=\"elementor-element elementor-element-34766757 elementor-align-center elementor-mobile-align-center elementor-widget elementor-widget-button\" data-id=\"34766757\" data-element_type=\"widget\" data-e-type=\"widget\" data-settings=\"{&quot;ekit_we_effect_on&quot;:&quot;none&quot;}\" data-widget_type=\"button.default\">\n\t\t\t\t\t\t\t\t\t\t<a class=\"elementor-button elementor-button-link elementor-size-xs\" href=\"\/elementor-business-one-page\/service01\/%20\">\n\t\t\t\t\t\t<span class=\"elementor-button-content-wrapper\">\n\t\t\t\t\t\t<span class=\"elementor-button-icon\">\n\t\t\t\t<i aria-hidden=\"true\" class=\" icomoon-the7-font-the7-arrow-09\"><\/i>\t\t\t<\/span>\n\t\t\t\t\t\t\t\t\t<span class=\"elementor-button-text\">M\u00eb Shum\u00eb<\/span>\n\t\t\t\t\t<\/span>\n\t\t\t\t\t<\/a>\n\t\t\t\t\t\t\t\t<\/div>\n\t\t\t\t\t<\/div>\n\t\t<\/div>\n\t\t\t\t<div class=\"elementor-column elementor-col-25 elementor-top-column elementor-element elementor-element-5d534905\" data-id=\"5d534905\" data-element_type=\"column\" data-e-type=\"column\">\n\t\t\t<div class=\"elementor-widget-wrap elementor-element-populated\">\n\t\t\t\t\t\t<div class=\"elementor-element elementor-element-dfda059 at-image-animation at-animation-image-none at-none elementor-widget elementor-widget-image\" data-id=\"dfda059\" data-element_type=\"widget\" data-e-type=\"widget\" data-settings=\"{&quot;ekit_we_effect_on&quot;:&quot;none&quot;}\" data-widget_type=\"image.default\">\n\t\t\t\t\t\t\t\t\t\t\t\t\t\t\t\t<a href=\"\/elementor-business-one-page\/service02\/%20\">\n\t\t\t\t\t\t\t<img decoding=\"async\" src=\"https:\/\/gjergjihtextil.com\/wp-content\/uploads\/elementor\/thumbs\/4242676-restaurant-rmrop83rpq2gn9d55t0zz336qecm9aswzge01ukbd4.jpg\" title=\"Restorant Gjergji H\" alt=\"Tekstile per Restorante\" loading=\"lazy\" \/>\t\t\t\t\t\t\t\t<\/a>\n\t\t\t\t\t\t\t\t\t\t\t\t\t\t\t<\/div>\n\t\t\t\t<div class=\"elementor-element elementor-element-11cc90fb at-heading-animation at-animation-heading-none elementor-widget elementor-widget-heading\" data-id=\"11cc90fb\" data-element_type=\"widget\" data-e-type=\"widget\" data-settings=\"{&quot;ekit_we_effect_on&quot;:&quot;none&quot;}\" data-widget_type=\"heading.default\">\n\t\t\t\t\t<h4 class=\"elementor-heading-title elementor-size-default\">\nRestorante<\/h4>\t\t\t\t<\/div>\n\t\t\t\t\t<\/div>\n\t\t<\/div>\n\t\t\t\t<div class=\"elementor-column elementor-col-25 elementor-top-column elementor-element elementor-element-289cec19\" data-id=\"289cec19\" data-element_type=\"column\" data-e-type=\"column\">\n\t\t\t<div class=\"elementor-widget-wrap elementor-element-populated\">\n\t\t\t\t\t\t<div class=\"elementor-element elementor-element-423fc065 at-image-animation at-animation-image-none at-none elementor-widget elementor-widget-image\" data-id=\"423fc065\" data-element_type=\"widget\" data-e-type=\"widget\" data-settings=\"{&quot;ekit_we_effect_on&quot;:&quot;none&quot;}\" data-widget_type=\"image.default\">\n\t\t\t\t\t\t\t\t\t\t\t\t\t\t\t\t<a href=\"\/elementor-business-one-page\/service03\/%20\">\n\t\t\t\t\t\t\t<img decoding=\"async\" src=\"https:\/\/gjergjihtextil.com\/wp-content\/uploads\/elementor\/thumbs\/Gjergji-H-Tekstil-Event-rmrop83rpq2gn9d55t0zz336qecm9aswzge01ukbd4.jpg\" title=\"Gjergji-H-Tekstil-Event\" alt=\"Gjergji H Tekstil Event\" loading=\"lazy\" \/>\t\t\t\t\t\t\t\t<\/a>\n\t\t\t\t\t\t\t\t\t\t\t\t\t\t\t<\/div>\n\t\t\t\t<div class=\"elementor-element elementor-element-1f34acbb at-heading-animation at-animation-heading-none elementor-widget elementor-widget-heading\" data-id=\"1f34acbb\" data-element_type=\"widget\" data-e-type=\"widget\" data-settings=\"{&quot;ekit_we_effect_on&quot;:&quot;none&quot;}\" data-widget_type=\"heading.default\">\n\t\t\t\t\t<h4 class=\"elementor-heading-title elementor-size-default\">Arredim Eventesh<\/h4>\t\t\t\t<\/div>\n\t\t\t\t<div class=\"elementor-element elementor-element-237820c2 elementor-align-center elementor-mobile-align-center elementor-widget elementor-widget-button\" data-id=\"237820c2\" data-element_type=\"widget\" data-e-type=\"widget\" data-settings=\"{&quot;ekit_we_effect_on&quot;:&quot;none&quot;}\" data-widget_type=\"button.default\">\n\t\t\t\t\t\t\t\t\t\t<a class=\"elementor-button elementor-button-link elementor-size-xs\" href=\"\/elementor-business-one-page\/service03\/%20\">\n\t\t\t\t\t\t<span class=\"elementor-button-content-wrapper\">\n\t\t\t\t\t\t<span class=\"elementor-button-icon\">\n\t\t\t\t<i aria-hidden=\"true\" class=\" icomoon-the7-font-the7-arrow-09\"><\/i>\t\t\t<\/span>\n\t\t\t\t\t\t\t\t\t<span class=\"elementor-button-text\">M\u00eb Shum\u00eb<\/span>\n\t\t\t\t\t<\/span>\n\t\t\t\t\t<\/a>\n\t\t\t\t\t\t\t\t<\/div>\n\t\t\t\t\t<\/div>\n\t\t<\/div>\n\t\t\t\t<div class=\"elementor-column elementor-col-25 elementor-top-column elementor-element elementor-element-1af3541a\" data-id=\"1af3541a\" data-element_type=\"column\" data-e-type=\"column\">\n\t\t\t<div class=\"elementor-widget-wrap elementor-element-populated\">\n\t\t\t\t\t\t<div class=\"elementor-element elementor-element-72e006e9 at-image-animation at-animation-image-none at-none elementor-widget elementor-widget-image\" data-id=\"72e006e9\" data-element_type=\"widget\" data-e-type=\"widget\" data-settings=\"{&quot;ekit_we_effect_on&quot;:&quot;none&quot;}\" data-widget_type=\"image.default\">\n\t\t\t\t\t\t\t\t\t\t\t\t\t\t\t\t<a href=\"\/elementor-business-one-page\/service04\/%20\">\n\t\t\t\t\t\t\t<img decoding=\"async\" src=\"https:\/\/gjergjihtextil.com\/wp-content\/uploads\/elementor\/thumbs\/Fasoneri-Gjergji-H-rmrop83rpq2gn9d55t0zz336qecm9aswzge01ukbd4.jpg\" title=\"Fasoneri-Gjergji-H\" alt=\"Fasoneri-Gjergji-H\" loading=\"lazy\" \/>\t\t\t\t\t\t\t\t<\/a>\n\t\t\t\t\t\t\t\t\t\t\t\t\t\t\t<\/div>\n\t\t\t\t<div class=\"elementor-element elementor-element-54f7c26a at-heading-animation at-animation-heading-none elementor-widget elementor-widget-heading\" data-id=\"54f7c26a\" data-element_type=\"widget\" data-e-type=\"widget\" data-settings=\"{&quot;ekit_we_effect_on&quot;:&quot;none&quot;}\" data-widget_type=\"heading.default\">\n\t\t\t\t\t<h4 class=\"elementor-heading-title elementor-size-default\">Fasoneri &amp; Rrobaqepsi<\/h4>\t\t\t\t<\/div>\n\t\t\t\t<div class=\"elementor-element elementor-element-6e5c38a elementor-align-center elementor-mobile-align-center elementor-widget elementor-widget-button\" data-id=\"6e5c38a\" data-element_type=\"widget\" data-e-type=\"widget\" data-settings=\"{&quot;ekit_we_effect_on&quot;:&quot;none&quot;}\" data-widget_type=\"button.default\">\n\t\t\t\t\t\t\t\t\t\t<a class=\"elementor-button elementor-button-link elementor-size-xs\" href=\"\/elementor-business-one-page\/service04\/%20\">\n\t\t\t\t\t\t<span class=\"elementor-button-content-wrapper\">\n\t\t\t\t\t\t<span class=\"elementor-button-icon\">\n\t\t\t\t<i aria-hidden=\"true\" class=\" icomoon-the7-font-the7-arrow-09\"><\/i>\t\t\t<\/span>\n\t\t\t\t\t\t\t\t\t<span class=\"elementor-button-text\">M\u00eb Shum\u00eb<\/span>\n\t\t\t\t\t<\/span>\n\t\t\t\t\t<\/a>\n\t\t\t\t\t\t\t\t<\/div>\n\t\t\t\t\t<\/div>\n\t\t<\/div>\n\t\t\t\t\t<\/div>\n\t\t<\/section>\n\t\t\t\t<section class=\"elementor-section elementor-top-section elementor-element elementor-element-f9bcb6c elementor-section-boxed elementor-section-height-default elementor-section-height-default\" data-id=\"f9bcb6c\" data-element_type=\"section\" data-e-type=\"section\">\n\t\t\t\t\t\t<div class=\"elementor-container elementor-column-gap-default\">\n\t\t\t\t\t<div class=\"elementor-column elementor-col-100 elementor-top-column elementor-element elementor-element-7781539\" data-id=\"7781539\" data-element_type=\"column\" data-e-type=\"column\">\n\t\t\t<div class=\"elementor-widget-wrap elementor-element-populated\">\n\t\t\t\t\t\t<div class=\"elementor-element elementor-element-f364f84 elementor-widget elementor-widget-text-editor\" data-id=\"f364f84\" data-element_type=\"widget\" data-e-type=\"widget\" data-settings=\"{&quot;ekit_we_effect_on&quot;:&quot;none&quot;}\" data-widget_type=\"text-editor.default\">\n\t\t\t\t\t\t\t\t\t<p><a href=\"https:\/\/www.facebook.com\/gjergjhtextil.ela\" target=\"_blank\" rel=\"noopener\">https:\/\/www.facebook.com\/gjergjhtextil.ela <\/a><a href=\"https:\/\/www.instagram.com\/gjergjihtextile\/\" target=\"_blank\" rel=\"noopener\">https:\/\/www.instagram.com\/gjergjihtextile\/<\/a><\/p><p>\u00a0<\/p>\t\t\t\t\t\t\t\t<\/div>\n\t\t\t\t\t<\/div>\n\t\t<\/div>\n\t\t\t\t\t<\/div>\n\t\t<\/section>\n\t\t\t\t<\/div>\n\t\t","protected":false},"excerpt":{"rendered":"<p>Tekstile p\u00ebr rrobaqepsi me shumic\u00eb Moda nuk \u00ebsht\u00eb [&hellip;]<\/p>\n","protected":false},"author":1,"featured_media":1146,"parent":993,"menu_order":40,"comment_status":"closed","ping_status":"closed","template":"","meta":{"footnotes":""},"class_list":["post-1009","page","type-page","status-publish","has-post-thumbnail","hentry"],"_links":{"self":[{"href":"https:\/\/gjergjihtextil.com\/it\/wp-json\/wp\/v2\/pages\/1009","targetHints":{"allow":["GET"]}}],"collection":[{"href":"https:\/\/gjergjihtextil.com\/it\/wp-json\/wp\/v2\/pages"}],"about":[{"href":"https:\/\/gjergjihtextil.com\/it\/wp-json\/wp\/v2\/types\/page"}],"author":[{"embeddable":true,"href":"https:\/\/gjergjihtextil.com\/it\/wp-json\/wp\/v2\/users\/1"}],"replies":[{"embeddable":true,"href":"https:\/\/gjergjihtextil.com\/it\/wp-json\/wp\/v2\/comments?post=1009"}],"version-history":[{"count":37,"href":"https:\/\/gjergjihtextil.com\/it\/wp-json\/wp\/v2\/pages\/1009\/revisions"}],"predecessor-version":[{"id":1874,"href":"https:\/\/gjergjihtextil.com\/it\/wp-json\/wp\/v2\/pages\/1009\/revisions\/1874"}],"up":[{"embeddable":true,"href":"https:\/\/gjergjihtextil.com\/it\/wp-json\/wp\/v2\/pages\/993"}],"wp:featuredmedia":[{"embeddable":true,"href":"https:\/\/gjergjihtextil.com\/it\/wp-json\/wp\/v2\/media\/1146"}],"wp:attachment":[{"href":"https:\/\/gjergjihtextil.com\/it\/wp-json\/wp\/v2\/media?parent=1009"}],"curies":[{"name":"wp","href":"https:\/\/api.w.org\/{rel}","templated":true}]}}