{"id":993,"date":"2020-02-13T13:06:31","date_gmt":"2020-02-13T13:06:31","guid":{"rendered":"https:\/\/the7.io\/elementor-business-one-page\/?page_id=993"},"modified":"2022-12-19T12:01:57","modified_gmt":"2022-12-19T11:01:57","slug":"sherbimet-tona","status":"publish","type":"page","link":"https:\/\/gjergjihtextil.com\/it\/sherbimet-tona\/","title":{"rendered":"Sherbimet Tona"},"content":{"rendered":"<div data-elementor-type=\"wp-page\" data-elementor-id=\"993\" class=\"elementor elementor-993\">\n\t\t\t\t\t\t<section class=\"elementor-section elementor-top-section elementor-element elementor-element-42b9cfe0 elementor-section-boxed elementor-section-height-default elementor-section-height-default\" data-id=\"42b9cfe0\" data-element_type=\"section\" data-e-type=\"section\">\n\t\t\t\t\t\t<div class=\"elementor-container elementor-column-gap-no\">\n\t\t\t\t\t<div class=\"elementor-column elementor-col-25 elementor-top-column elementor-element elementor-element-6fa30679\" data-id=\"6fa30679\" data-element_type=\"column\" data-e-type=\"column\">\n\t\t\t<div class=\"elementor-widget-wrap elementor-element-populated\">\n\t\t\t\t\t\t<div class=\"elementor-element elementor-element-317d2910 at-image-animation at-animation-image-none at-none elementor-widget elementor-widget-image\" data-id=\"317d2910\" data-element_type=\"widget\" data-e-type=\"widget\" data-settings=\"{&quot;ekit_we_effect_on&quot;:&quot;none&quot;}\" data-widget_type=\"image.default\">\n\t\t\t\t\t\t\t\t\t\t\t\t\t\t\t\t<a href=\"\/it\/elementor-business-one-page\/service\/%20\/\">\n\t\t\t\t\t\t\t<img decoding=\"async\" src=\"https:\/\/gjergjihtextil.com\/wp-content\/uploads\/elementor\/thumbs\/bedroom-test-1-rmrop91lwk3qyvbs0bfmjkunbs7zgzwnbl1hj4ix6w.jpg\" title=\"Hotel Gjergji H\" alt=\"Tekstile per Hotele\" loading=\"lazy\" \/>\t\t\t\t\t\t\t\t<\/a>\n\t\t\t\t\t\t\t\t\t\t\t\t\t\t\t<\/div>\n\t\t\t\t\t<\/div>\n\t\t<\/div>\n\t\t\t\t<div class=\"elementor-column elementor-col-25 elementor-top-column elementor-element elementor-element-77aa77b9\" data-id=\"77aa77b9\" data-element_type=\"column\" data-e-type=\"column\">\n\t\t\t<div class=\"elementor-widget-wrap elementor-element-populated\">\n\t\t\t\t\t\t<div class=\"elementor-element elementor-element-70383771 at-heading-animation at-animation-heading-none elementor-widget elementor-widget-heading\" data-id=\"70383771\" data-element_type=\"widget\" data-e-type=\"widget\" data-settings=\"{&quot;ekit_we_effect_on&quot;:&quot;none&quot;}\" data-widget_type=\"heading.default\">\n\t\t\t\t\t<h4 class=\"elementor-heading-title elementor-size-default\">Hotele<\/h4>\t\t\t\t<\/div>\n\t\t\t\t<div class=\"elementor-element elementor-element-683168d7 elementor-widget elementor-widget-text-editor\" data-id=\"683168d7\" data-element_type=\"widget\" data-e-type=\"widget\" data-settings=\"{&quot;ekit_we_effect_on&quot;:&quot;none&quot;}\" data-widget_type=\"text-editor.default\">\n\t\t\t\t\t\t\t\t\t<p>Gama e gjer\u00eb e produkteve p\u00ebr hoteleri dhe proporcioni i drejt\u00eb \u00e7mim\/kualitet e ka vendosur kompanin\u00eb Gjergji H n\u00eb krye importuesve t\u00eb tekstilit n\u00eb Shqip\u00ebri dhe fqinj\u00ebve tan\u00eb.<\/p>\t\t\t\t\t\t\t\t<\/div>\n\t\t\t\t<div class=\"elementor-element elementor-element-3f1dbecc elementor-align-left elementor-mobile-align-center elementor-widget elementor-widget-button\" data-id=\"3f1dbecc\" data-element_type=\"widget\" data-e-type=\"widget\" data-settings=\"{&quot;ekit_we_effect_on&quot;:&quot;none&quot;}\" data-widget_type=\"button.default\">\n\t\t\t\t\t\t\t\t\t\t<a class=\"elementor-button elementor-button-link elementor-size-xs\" href=\"https:\/\/gjergjihtextil.com\/it\/sherbimet-tona\/hotele\/\">\n\t\t\t\t\t\t<span class=\"elementor-button-content-wrapper\">\n\t\t\t\t\t\t<span class=\"elementor-button-icon\">\n\t\t\t\t<i aria-hidden=\"true\" class=\"icomoon-the7-font-the7-arrow-09\"><\/i>\t\t\t<\/span>\n\t\t\t\t\t\t\t\t\t<span class=\"elementor-button-text\">M\u00eb Shum\u00eb<\/span>\n\t\t\t\t\t<\/span>\n\t\t\t\t\t<\/a>\n\t\t\t\t\t\t\t\t<\/div>\n\t\t\t\t\t<\/div>\n\t\t<\/div>\n\t\t\t\t<div class=\"elementor-column elementor-col-25 elementor-top-column elementor-element elementor-element-13d37840\" data-id=\"13d37840\" data-element_type=\"column\" data-e-type=\"column\">\n\t\t\t<div class=\"elementor-widget-wrap elementor-element-populated\">\n\t\t\t\t\t\t<div class=\"elementor-element elementor-element-515c38de at-image-animation at-animation-image-none at-none elementor-widget elementor-widget-image\" data-id=\"515c38de\" data-element_type=\"widget\" data-e-type=\"widget\" data-settings=\"{&quot;ekit_we_effect_on&quot;:&quot;none&quot;}\" data-widget_type=\"image.default\">\n\t\t\t\t\t\t\t\t\t\t\t\t\t\t\t\t<a href=\"\/it\/elementor-business-one-page\/service04\/%20\/\">\n\t\t\t\t\t\t\t<img decoding=\"async\" src=\"https:\/\/gjergjihtextil.com\/wp-content\/uploads\/elementor\/thumbs\/4242676-restaurant-rmrop83rpq2gn9d55t0zz336qecm9aswzge01ukbd4.jpg\" title=\"Restorant Gjergji H\" alt=\"Tekstile per Restorante\" loading=\"lazy\" \/>\t\t\t\t\t\t\t\t<\/a>\n\t\t\t\t\t\t\t\t\t\t\t\t\t\t\t<\/div>\n\t\t\t\t\t<\/div>\n\t\t<\/div>\n\t\t\t\t<div class=\"elementor-column elementor-col-25 elementor-top-column elementor-element elementor-element-5acad745\" data-id=\"5acad745\" data-element_type=\"column\" data-e-type=\"column\">\n\t\t\t<div class=\"elementor-widget-wrap elementor-element-populated\">\n\t\t\t\t\t\t<div class=\"elementor-element elementor-element-7c803915 at-heading-animation at-animation-heading-none elementor-widget elementor-widget-heading\" data-id=\"7c803915\" data-element_type=\"widget\" data-e-type=\"widget\" data-settings=\"{&quot;ekit_we_effect_on&quot;:&quot;none&quot;}\" data-widget_type=\"heading.default\">\n\t\t\t\t\t<h4 class=\"elementor-heading-title elementor-size-default\">Restorante<\/h4>\t\t\t\t<\/div>\n\t\t\t\t<div class=\"elementor-element elementor-element-524473d elementor-widget elementor-widget-text-editor\" data-id=\"524473d\" data-element_type=\"widget\" data-e-type=\"widget\" data-settings=\"{&quot;ekit_we_effect_on&quot;:&quot;none&quot;}\" data-widget_type=\"text-editor.default\">\n\t\t\t\t\t\t\t\t\t<p>Kualiteti i lart\u00eb i mbulesave t\u00eb tavolin\u00ebs dhe picetave, shum\u00eb llojshm\u00ebria e dizajneve, dhe \u00e7mimi shum\u00eb konkurues e ka b\u00ebr\u00eb zgjedhjen e par\u00eb dhe te vetme t\u00eb restoranteve m\u00eb t\u00eb mir\u00eb n\u00eb Shqip\u00ebri.<\/p>\t\t\t\t\t\t\t\t<\/div>\n\t\t\t\t<div class=\"elementor-element elementor-element-1b5e0e5e elementor-align-left elementor-mobile-align-center elementor-widget elementor-widget-button\" data-id=\"1b5e0e5e\" data-element_type=\"widget\" data-e-type=\"widget\" data-settings=\"{&quot;ekit_we_effect_on&quot;:&quot;none&quot;}\" data-widget_type=\"button.default\">\n\t\t\t\t\t\t\t\t\t\t<a class=\"elementor-button elementor-button-link elementor-size-xs\" href=\"https:\/\/gjergjihtextil.com\/it\/sherbimet-tona\/tekstile-per-restorante\/\">\n\t\t\t\t\t\t<span class=\"elementor-button-content-wrapper\">\n\t\t\t\t\t\t<span class=\"elementor-button-icon\">\n\t\t\t\t<i aria-hidden=\"true\" class=\"icomoon-the7-font-the7-arrow-09\"><\/i>\t\t\t<\/span>\n\t\t\t\t\t\t\t\t\t<span class=\"elementor-button-text\">M\u00eb Shum\u00eb<\/span>\n\t\t\t\t\t<\/span>\n\t\t\t\t\t<\/a>\n\t\t\t\t\t\t\t\t<\/div>\n\t\t\t\t\t<\/div>\n\t\t<\/div>\n\t\t\t\t\t<\/div>\n\t\t<\/section>\n\t\t\t\t<section class=\"elementor-section elementor-top-section elementor-element elementor-element-24187f5b elementor-section-boxed elementor-section-height-default elementor-section-height-default\" data-id=\"24187f5b\" data-element_type=\"section\" data-e-type=\"section\">\n\t\t\t\t\t\t<div class=\"elementor-container elementor-column-gap-no\">\n\t\t\t\t\t<div class=\"elementor-column elementor-col-25 elementor-top-column elementor-element elementor-element-704c21eb\" data-id=\"704c21eb\" data-element_type=\"column\" data-e-type=\"column\">\n\t\t\t<div class=\"elementor-widget-wrap elementor-element-populated\">\n\t\t\t\t\t\t<div class=\"elementor-element elementor-element-6dfeba38 at-image-animation at-animation-image-none at-none elementor-widget elementor-widget-image\" data-id=\"6dfeba38\" data-element_type=\"widget\" data-e-type=\"widget\" data-settings=\"{&quot;ekit_we_effect_on&quot;:&quot;none&quot;}\" data-widget_type=\"image.default\">\n\t\t\t\t\t\t\t\t\t\t\t\t\t\t\t\t<a href=\"\/it\/elementor-business-one-page\/service02\/%20\/\">\n\t\t\t\t\t\t\t<img decoding=\"async\" src=\"https:\/\/gjergjihtextil.com\/wp-content\/uploads\/elementor\/thumbs\/Gjergji-H-Tekstil-Event-rmrop83rpq2gn9d55t0zz336qecm9aswzge01ukbd4.jpg\" title=\"Gjergji-H-Tekstil-Event\" alt=\"Gjergji H Tekstil Event\" loading=\"lazy\" \/>\t\t\t\t\t\t\t\t<\/a>\n\t\t\t\t\t\t\t\t\t\t\t\t\t\t\t<\/div>\n\t\t\t\t\t<\/div>\n\t\t<\/div>\n\t\t\t\t<div class=\"elementor-column elementor-col-25 elementor-top-column elementor-element elementor-element-1c8f8f59\" data-id=\"1c8f8f59\" data-element_type=\"column\" data-e-type=\"column\">\n\t\t\t<div class=\"elementor-widget-wrap elementor-element-populated\">\n\t\t\t\t\t\t<div class=\"elementor-element elementor-element-17e2b373 at-heading-animation at-animation-heading-none elementor-widget elementor-widget-heading\" data-id=\"17e2b373\" data-element_type=\"widget\" data-e-type=\"widget\" data-settings=\"{&quot;ekit_we_effect_on&quot;:&quot;none&quot;}\" data-widget_type=\"heading.default\">\n\t\t\t\t\t<h4 class=\"elementor-heading-title elementor-size-default\">Arredim Eventesh<\/h4>\t\t\t\t<\/div>\n\t\t\t\t<div class=\"elementor-element elementor-element-3200475c elementor-widget elementor-widget-text-editor\" data-id=\"3200475c\" data-element_type=\"widget\" data-e-type=\"widget\" data-settings=\"{&quot;ekit_we_effect_on&quot;:&quot;none&quot;}\" data-widget_type=\"text-editor.default\">\n\t\t\t\t\t\t\t\t\t<p>Arredimi i nj\u00eb eventi k\u00ebrkon shum\u00eb kreativitet. Kompania Gjergji H ju lejon ta \u00e7lironi kreativitetin duke ju ofruar nj\u00eb gam\u00eb t\u00eb gjer\u00eb dekoresh.<\/p>\t\t\t\t\t\t\t\t<\/div>\n\t\t\t\t<div class=\"elementor-element elementor-element-5ccea0e elementor-align-left elementor-mobile-align-center elementor-widget elementor-widget-button\" data-id=\"5ccea0e\" data-element_type=\"widget\" data-e-type=\"widget\" data-settings=\"{&quot;ekit_we_effect_on&quot;:&quot;none&quot;}\" data-widget_type=\"button.default\">\n\t\t\t\t\t\t\t\t\t\t<a class=\"elementor-button elementor-button-link elementor-size-xs\" href=\"https:\/\/gjergjihtextil.com\/it\/sherbimet-tona\/arredim-eventesh\/\">\n\t\t\t\t\t\t<span class=\"elementor-button-content-wrapper\">\n\t\t\t\t\t\t<span class=\"elementor-button-icon\">\n\t\t\t\t<i aria-hidden=\"true\" class=\"icomoon-the7-font-the7-arrow-09\"><\/i>\t\t\t<\/span>\n\t\t\t\t\t\t\t\t\t<span class=\"elementor-button-text\">M\u00eb Shum\u00eb<\/span>\n\t\t\t\t\t<\/span>\n\t\t\t\t\t<\/a>\n\t\t\t\t\t\t\t\t<\/div>\n\t\t\t\t\t<\/div>\n\t\t<\/div>\n\t\t\t\t<div class=\"elementor-column elementor-col-25 elementor-top-column elementor-element elementor-element-3f95580\" data-id=\"3f95580\" data-element_type=\"column\" data-e-type=\"column\">\n\t\t\t<div class=\"elementor-widget-wrap elementor-element-populated\">\n\t\t\t\t\t\t<div class=\"elementor-element elementor-element-66a8c3d5 at-image-animation at-animation-image-none at-none elementor-widget elementor-widget-image\" data-id=\"66a8c3d5\" data-element_type=\"widget\" data-e-type=\"widget\" data-settings=\"{&quot;ekit_we_effect_on&quot;:&quot;none&quot;}\" data-widget_type=\"image.default\">\n\t\t\t\t\t\t\t\t\t\t\t\t\t\t\t\t<a href=\"\/it\/elementor-business-one-page\/service03\/%20\/\">\n\t\t\t\t\t\t\t<img decoding=\"async\" src=\"https:\/\/gjergjihtextil.com\/wp-content\/uploads\/elementor\/thumbs\/Fasoneri-Gjergji-H-rmrop83rpq2gn9d55t0zz336qecm9aswzge01ukbd4.jpg\" title=\"Fasoneri-Gjergji-H\" alt=\"Fasoneri-Gjergji-H\" loading=\"lazy\" \/>\t\t\t\t\t\t\t\t<\/a>\n\t\t\t\t\t\t\t\t\t\t\t\t\t\t\t<\/div>\n\t\t\t\t\t<\/div>\n\t\t<\/div>\n\t\t\t\t<div class=\"elementor-column elementor-col-25 elementor-top-column elementor-element elementor-element-6a12adf8\" data-id=\"6a12adf8\" data-element_type=\"column\" data-e-type=\"column\">\n\t\t\t<div class=\"elementor-widget-wrap elementor-element-populated\">\n\t\t\t\t\t\t<div class=\"elementor-element elementor-element-38c98c70 at-heading-animation at-animation-heading-none elementor-widget elementor-widget-heading\" data-id=\"38c98c70\" data-element_type=\"widget\" data-e-type=\"widget\" data-settings=\"{&quot;ekit_we_effect_on&quot;:&quot;none&quot;}\" data-widget_type=\"heading.default\">\n\t\t\t\t\t<h4 class=\"elementor-heading-title elementor-size-default\">Fasoneri \/ Rrobaqepsi<\/h4>\t\t\t\t<\/div>\n\t\t\t\t<div class=\"elementor-element elementor-element-658a1adf elementor-widget elementor-widget-text-editor\" data-id=\"658a1adf\" data-element_type=\"widget\" data-e-type=\"widget\" data-settings=\"{&quot;ekit_we_effect_on&quot;:&quot;none&quot;}\" data-widget_type=\"text-editor.default\">\n\t\t\t\t\t\t\t\t\t<p>Nj\u00eb gam\u00eb shum\u00eb e gjer\u00eb dizajnesh dhe materialesh i b\u00ebn t\u00eb mundur rrobaqepsive dhe fasonerive t\u00eb krijojn\u00eb koleksione fantastike.<\/p>\t\t\t\t\t\t\t\t<\/div>\n\t\t\t\t<div class=\"elementor-element elementor-element-712aa51c elementor-align-left elementor-mobile-align-center elementor-widget elementor-widget-button\" data-id=\"712aa51c\" data-element_type=\"widget\" data-e-type=\"widget\" data-settings=\"{&quot;ekit_we_effect_on&quot;:&quot;none&quot;}\" data-widget_type=\"button.default\">\n\t\t\t\t\t\t\t\t\t\t<a class=\"elementor-button elementor-button-link elementor-size-xs\" href=\"https:\/\/gjergjihtextil.com\/it\/sherbimet-tona\/tekstile-per-rrobaqepsi\/\">\n\t\t\t\t\t\t<span class=\"elementor-button-content-wrapper\">\n\t\t\t\t\t\t<span class=\"elementor-button-icon\">\n\t\t\t\t<i aria-hidden=\"true\" class=\"icomoon-the7-font-the7-arrow-09\"><\/i>\t\t\t<\/span>\n\t\t\t\t\t\t\t\t\t<span class=\"elementor-button-text\">M\u00eb Shum\u00eb<\/span>\n\t\t\t\t\t<\/span>\n\t\t\t\t\t<\/a>\n\t\t\t\t\t\t\t\t<\/div>\n\t\t\t\t\t<\/div>\n\t\t<\/div>\n\t\t\t\t\t<\/div>\n\t\t<\/section>\n\t\t\t\t<\/div>","protected":false},"excerpt":{"rendered":"<p>Hotele Gama e gjer\u00eb e produkteve p\u00ebr hoteleri [&hellip;]<\/p>\n","protected":false},"author":1,"featured_media":0,"parent":0,"menu_order":20,"comment_status":"closed","ping_status":"closed","template":"","meta":{"footnotes":""},"class_list":["post-993","page","type-page","status-publish","hentry"],"_links":{"self":[{"href":"https:\/\/gjergjihtextil.com\/it\/wp-json\/wp\/v2\/pages\/993","targetHints":{"allow":["GET"]}}],"collection":[{"href":"https:\/\/gjergjihtextil.com\/it\/wp-json\/wp\/v2\/pages"}],"about":[{"href":"https:\/\/gjergjihtextil.com\/it\/wp-json\/wp\/v2\/types\/page"}],"author":[{"embeddable":true,"href":"https:\/\/gjergjihtextil.com\/it\/wp-json\/wp\/v2\/users\/1"}],"replies":[{"embeddable":true,"href":"https:\/\/gjergjihtextil.com\/it\/wp-json\/wp\/v2\/comments?post=993"}],"version-history":[{"count":28,"href":"https:\/\/gjergjihtextil.com\/it\/wp-json\/wp\/v2\/pages\/993\/revisions"}],"predecessor-version":[{"id":2086,"href":"https:\/\/gjergjihtextil.com\/it\/wp-json\/wp\/v2\/pages\/993\/revisions\/2086"}],"wp:attachment":[{"href":"https:\/\/gjergjihtextil.com\/it\/wp-json\/wp\/v2\/media?parent=993"}],"curies":[{"name":"wp","href":"https:\/\/api.w.org\/{rel}","templated":true}]}}